{"id":6306,"date":"2024-07-09T13:11:26","date_gmt":"2024-07-09T12:11:26","guid":{"rendered":"https:\/\/www.beach-pharmacy.com\/?page_id=6306"},"modified":"2024-07-12T06:52:15","modified_gmt":"2024-07-12T05:52:15","slug":"allgemeine-nutzungsbedinungen-agb","status":"publish","type":"page","link":"https:\/\/www.beach-pharmacy.com\/fr\/allgemeine-nutzungsbedinungen-agb\/","title":{"rendered":"Conditions g\u00e9n\u00e9rales d\u2019utilisation (CGU)"},"content":{"rendered":"<div class=\"wpb-content-wrapper\"><p>[vc_row][vc_column][vc_icon icon_fontawesome=\u00a0\u00bbfas fa-balance-scale\u00a0\u00bb color=\u00a0\u00bbcustom\u00a0\u00bb size=\u00a0\u00bblg\u00a0\u00bb align=\u00a0\u00bbcenter\u00a0\u00bb css=\u00a0\u00bb\u00a0\u00bb custom_color=\u00a0\u00bb#a555ec\u00a0\u00bb][vc_column_text css=\u00a0\u00bb\u00a0\u00bb]<strong>MFKey GmbH : CONDITIONS G\u00c9N\u00c9RALES (CG)<\/strong><\/p>\n<p><strong>1. Validit\u00e9 des conditions g\u00e9n\u00e9rales (CG)<\/strong><br \/>\nMFKey GmbH effectue toutes les livraisons exclusivement sur la base des pr\u00e9sentes conditions g\u00e9n\u00e9rales. En passant commande, l\u2019acheteur d\u00e9clare express\u00e9ment accepter ces CG. Nous indiquons ici express\u00e9ment n\u2019accepter aucune CG de nos clients. En cas de divergences entre la version allemande et la version fran\u00e7aise, la version allemande fera syst\u00e9matiquement foi. Les pr\u00e9sentes CG font partie int\u00e9grante du contrat conclu entre l\u2019acheteur et MFKey GmbH. Elles s\u2019appliquent \u00e0 la livraison de marchandises command\u00e9es en ligne (Internet) par le client ou directement aupr\u00e8s de MFKey GmbH. \u00ab Beach-Pharmacy \u00bb est une marque d\u00e9pos\u00e9e\/marque commerciale de MFKey GmbH.<\/p>\n<p><strong>2. Informations sur le site web\/offre\/prix<\/strong><\/p>\n<p>MFKey s\u2019efforce en continu d\u2019informer et d\u2019\u00e9clairer au mieux ses clients sur les produits et services propos\u00e9s. MFKey obtient une partie de ces informations directement aupr\u00e8s des fabricants et les compile de mani\u00e8re claire et conviviale pour les clients.<\/p>\n<p>Toutes les informations disponibles sur www.mfkey.com et www.beach-pharmacy.com sont fournies sans garantie ni responsabilit\u00e9. \u00a0Dans la\u00a0mesure o\u00f9\u00a0le\u00a0droit\u00a0applicable\u00a0le permet, MFKey GmbH d\u00e9cline notamment toute garantie et responsabilit\u00e9 quant \u00e0 l\u2019exactitude, \u00e0 l\u2019exhaustivit\u00e9 et au caract\u00e8re actuel des informations publi\u00e9es sur le site web.<\/p>\n<p>Les modifications de prix et d\u2019assortiment de produits demeurent r\u00e9serv\u00e9es \u00e0 tout moment. Les photos de tous les produits et les illustrations ne sont pas contractuelles en termes de couleurs et peuvent diff\u00e9rer de l\u2019original. Les d\u00e9signations techniques et\/ou le contenu des produits livr\u00e9s peuvent diff\u00e9rer des d\u00e9signations du fabricant ou des indications figurant sur Internet.<\/p>\n<p>Les prix actuels peuvent \u00eatre demand\u00e9s \u00e0 tout moment par courriel \u00e0 l\u2019adresse <a href=\"mailto:info@mfkey.com\">info@mfkey.com<\/a>.<\/p>\n<p>Les prix sont contraignants pour les deux parties au moment de la commande. En cas d\u2019erreurs dans l\u2019indication des prix, MFKey GmbH se r\u00e9serve toutefois le droit de proc\u00e9der ult\u00e9rieurement \u00e0 des modifications de prix. Le cas \u00e9ch\u00e9ant, le client sera inform\u00e9 et ne sera pas oblig\u00e9 d\u2019acheter les produits concern\u00e9s par la modification de prix. Tous les prix sont exprim\u00e9s en francs suisses, en euros ou en dollars am\u00e9ricains et s\u2019entendent, sauf mention contraire, hors TVA, et frais d\u2019exp\u00e9dition\/d\u2019emballage en sus.<\/p>\n<p><strong>2.1 Contenu des offres en ligne<\/strong><br \/>\nMFKey d\u00e9cline toute responsabilit\u00e9 quant au caract\u00e8re actuel, \u00e0 l\u2019exactitude, l\u2019exhaustivit\u00e9 ou la qualit\u00e9 des informations mises \u00e0 disposition. Toute action en responsabilit\u00e9 \u00e0 l\u2019encontre de MFKey se rapportant \u00e0 des dommages mat\u00e9riels ou immat\u00e9riels caus\u00e9s par l\u2019utilisation ou la non-utilisation des informations pr\u00e9sent\u00e9es ou par l\u2019utilisation d\u2019informations erron\u00e9es ou incompl\u00e8tes est exclue, dans la mesure o\u00f9 aucune faute intentionnelle\u00a0ou\u00a0par\u00a0n\u00e9gligence\u00a0grave de la part de\u00a0MFKey ne peut \u00eatre \u00e9tablie. Toutes les offres sont sans engagement et non contractuelles. Nous nous r\u00e9servons le droit de modifier, de compl\u00e9ter ou de supprimer des parties de pages ou l\u2019ensemble de l\u2019offre sans avis pr\u00e9alable, ou d\u2019en suspendre temporairement ou d\u00e9finitivement la publication.<\/p>\n<p><strong>3. Commande\/livraison<\/strong><br \/>\nToute commande dans la boutique devient contraignante pour l\u2019acheteur d\u00e8s lors qu\u2019il confirme celle-ci \u00e0 la fin de la proc\u00e9dure correspondante en cliquant sur le bouton \u00ab\u00a0Finaliser la commande\u00a0\u00bb sur la page qui affiche le r\u00e9capitulatif de la commande en question. L\u2019acheteur re\u00e7oit alors un courriel de confirmation de MFKey GmbH \u00e0 l\u2019adresse \u00e9lectronique qu\u2019il a indiqu\u00e9e. Jusqu\u2019\u00e0 l\u2019envoi de ce courriel \u00e0 l\u2019acheteur, MFKey GmbH se r\u00e9serve le droit de refuser la commande ou de r\u00e9duire la quantit\u00e9 command\u00e9e, sans donner lieu \u00e0 un contrat entre l\u2019acheteur et MFKey GmbH, ou donnant lieu \u00e0 un contrat portant sur la quantit\u00e9 command\u00e9e r\u00e9duite, \u00e0 moins que l\u2019acheteur ne communique imm\u00e9diatement \u00e0 MFKey GmbH qu\u2019il n\u2019est pas int\u00e9ress\u00e9 par la quantit\u00e9 command\u00e9e r\u00e9duite. MFKey GmbH se r\u00e9serve en particulier le droit de refuser une commande s\u2019il existe un litige avec l\u2019acheteur, notamment en rapport avec des paiements non effectu\u00e9s sur des commandes d\u00e9j\u00e0 pass\u00e9es.<br \/>\nL\u2019indication compl\u00e8te et correcte de l\u2019adresse de livraison rel\u00e8ve de la responsabilit\u00e9 de l\u2019acheteur. En cas d\u2019indication d\u2019une adresse de livraison erron\u00e9e de la part de l\u2019acheteur, il se peut qu\u2019une livraison ne soit pas possible, MFKey GmbH peut alors renoncer compl\u00e8tement \u00e0 livrer le produit, sans qu\u2019aucune demande de remplacement ou de dommages et int\u00e9r\u00eats ne puisse \u00eatre formul\u00e9e.<\/p>\n<p><strong>4. Droit de r\u00e9tractation<\/strong><br \/>\nMFKey GmbH accorde le droit de r\u00e9tractation l\u00e9gal aux consommateurs, c\u2019est-\u00e0-dire aux personnes physiques qui concluent un acte juridique avec un but qui ne peut \u00eatre imput\u00e9 ni \u00e0 leur activit\u00e9 commerciale ni \u00e0 leur activit\u00e9 professionnelle ind\u00e9pendante. En tant que consommateur, le client doit supporter les frais directs de retour des marchandises. Les colis qui nous sont retourn\u00e9s en port d\u00fb ne sont pas accept\u00e9s. Pour les livraisons \u00e0 des consommateurs dont le domicile et le lieu de livraison se trouvent en dehors du territoire de l\u2019Union europ\u00e9enne, le droit de r\u00e9tractation ne s\u2019applique que si la l\u00e9gislation de l\u2019\u00c9tat dans lequel le consommateur est domicili\u00e9 pr\u00e9voit obligatoirement un tel droit pour les commandes de consommateurs. Si vous souhaitez faire usage de votre droit de r\u00e9tractation, il est recommand\u00e9 de nous contacter au pr\u00e9alable, \u00e9galement par courriel \u00e0 l\u2019adresse info@mfkey.ch. Nous clarifierons avec vous les modalit\u00e9s de retour. Renvoyez la marchandise de pr\u00e9f\u00e9rence dans l\u2019emballage d\u2019exp\u00e9dition et l\u2019emballage original que nous avons utilis\u00e9s. Ce n\u2019est pas une condition pr\u00e9alable pour faire valoir votre droit, mais cela permet d\u2019\u00e9viter d\u2019autres probl\u00e8mes.<br \/>\nVeuillez noter qu\u2019un droit de r\u00e9tractation ne s\u2019applique pas, entre autres, \u00e0 la livraison de marchandises fabriqu\u00e9es selon les sp\u00e9cifications du client ou clairement adapt\u00e9es aux besoins personnels de l\u2019acheteur. Vous avez le droit de vous r\u00e9tracter du pr\u00e9sent contrat dans un d\u00e9lai de quatorze jours sans fournir de justification.<\/p>\n<p><strong>5. Livraison et d\u00e9lai de livraison<\/strong><br \/>\nTous les produits sont stock\u00e9s chez MFKey GmbH en petites quantit\u00e9s. Il convient toutefois de se renseigner sur les disponibilit\u00e9s actuelles. Les commandes sont trait\u00e9es le plus rapidement possible. La livraison chez le client est en principe d\u00e9clench\u00e9e imm\u00e9diatement apr\u00e8s la r\u00e9ception de la commande ou du paiement (paiement anticip\u00e9). MFKey GmbH n\u2019est pas responsable de la prestation directe du partenaire contractuel de livraison, c\u2019est-\u00e0-dire qu\u2019en cas d\u2019exception, le d\u00e9passement du d\u00e9lai de livraison habituel est hors du contr\u00f4le de MFKey GmbH.<\/p>\n<p><strong>6. Bons d\u2019achat<\/strong><br \/>\n\u00c0 la fin du processus de commande, l\u2019acheteur peut saisir un code de bon d\u2019achat dans le champ pr\u00e9vu \u00e0 cet effet. Le montant correspondant est directement d\u00e9duit de la commande en cours. La diff\u00e9rence\u00a0entre\u00a0le\u00a0la\u00a0valeur\u00a0du bon d\u2019achat\u00a0et la valeur de la\u00a0commande\u00a0ne\u00a0peut pas \u00eatre\u00a0rembours\u00e9e.<\/p>\n<p><strong>7. Frais d\u2019exp\u00e9dition et de traitement<\/strong><br \/>\nLes frais d\u2019exp\u00e9dition et d\u2019emballage ainsi que les \u00e9ventuels frais de douane sont syst\u00e9matiquement indiqu\u00e9s s\u00e9par\u00e9ment sur la confirmation de commande.<\/p>\n<p><strong>8. Exclusion de garantie et de responsabilit\u00e9<br \/>\n<\/strong>MFKey GmbH garantit que les produits ne sont pas endommag\u00e9s au moment de l\u2019exp\u00e9dition. Les produits qui \u00e9taient endommag\u00e9s au moment de l\u2019exp\u00e9dition seront remplac\u00e9s \u00e0 la discr\u00e9tion de MFKey, \u00e0 condition que l\u2019acheteur communique le d\u00e9faut \u00e0 MFKey par courriel dans les 8\u00a0jours suivant la r\u00e9ception de la marchandise (joindre des photos des dommages). Si MFKey GmbH le souhaite, l\u2019acheteur doit en outre retourner imm\u00e9diatement les produits livr\u00e9s dans leur emballage d\u2019origine. Les produits manifestement d\u00e9fectueux seront remplac\u00e9s.<\/p>\n<p><strong>9. Retours<\/strong><br \/>\nIl n\u2019existe aucune obligation de reprise de la marchandise. Toute acceptation de retour par MFKey sera communiqu\u00e9e \u00e0 l\u2019acheteur sous 48 heures par courriel. Les produits ou colis retourn\u00e9s ne seront accept\u00e9s que dans leur emballage d\u2019origine. Les frais de retour sont \u00e0 la charge de l\u2019acheteur.<\/p>\n<p><strong>10. Moyens de paiement et virement bancaire<\/strong><br \/>\nLes commandes pass\u00e9es sur les sites www.mfkey.com et www.beach-pharmacy.com doivent en principe \u00eatre r\u00e9gl\u00e9es \u00e0 l\u2019avance \u00e0 l\u2019aide des moyens de paiement indiqu\u00e9s sur lesdits sites.<br \/>\nAutres modes de paiement sur demande.<\/p>\n<p><strong>11. R\u00e9serve de propri\u00e9t\u00e9<\/strong><br \/>\nMFKey GmbH demeure propri\u00e9taire de l\u2019ensemble de la livraison jusqu\u2019\u00e0 r\u00e9ception de tous les paiements, conform\u00e9ment au contrat.<\/p>\n<p><strong>12. \u00c9tudes pr\u00e9liminaires et projets<\/strong><br \/>\nLes \u00e9tudes pr\u00e9liminaires et les projets, y compris la r\u00e9alisation d\u2019\u00e9chantillons, \u00e9labor\u00e9s \u00e0 la demande d\u2019une personne int\u00e9ress\u00e9e, demeurent la propri\u00e9t\u00e9 de MFKey GmbH et ne peuvent \u00eatre remis ou rendus accessibles \u00e0 des tiers qu\u2019avec son accord \u00e9crit.<\/p>\n<p><strong>13. Droits de protection de tiers<\/strong><br \/>\nDans la mesure o\u00f9 MFKey GmbH doit livrer des emballages de vente selon des \u00e9bauches, des dessins, des mod\u00e8les ou des \u00e9chantillons qui lui ont \u00e9t\u00e9 remis par l\u2019acheteur ou selon des indications de quelque nature que ce soit, l\u2019acheteur garantit que la fabrication et la livraison des emballages ne portent pas atteinte aux droits de propri\u00e9t\u00e9 industrielle de tiers ou aux droits de brevet. Le client assume les dommages qui pourraient r\u00e9sulter d\u2019une violation des droits de tiers.<\/p>\n<p><strong>14. Protection des donn\u00e9es\/droit d\u2019auteur<\/strong><br \/>\nLes donn\u00e9es n\u00e9cessaires \u00e0 la transaction commerciale sont enregistr\u00e9es et trait\u00e9es aux fins n\u00e9cessaires et, dans le cadre du traitement de la commande, \u00e9ventuellement transmises \u00e0 des soci\u00e9t\u00e9s affili\u00e9es ou \u00e0 des sous-traitants (par exemple la Poste ou des entreprises charg\u00e9es de v\u00e9rifier la solvabilit\u00e9). Toutes les donn\u00e9es personnelles sont trait\u00e9es de mani\u00e8re confidentielle. Sous \u00ab\u00a0G\u00e9rer le compte client\u00a0\u00bb, le client a la possibilit\u00e9 de modifier \u00e0 tout moment ses donn\u00e9es personnelles. Le copyright\u00a0pour les objets publi\u00e9s, les textes et toutes les photos cr\u00e9\u00e9s par MFKey appartiennent exclusivement \u00e0 MFKey. Toute reproduction ou utilisation de tels graphiques, documents sonores, s\u00e9quences vid\u00e9o et textes dans d\u2019autres publications \u00e9lectroniques ou imprim\u00e9es n\u2019est pas autoris\u00e9e sans l\u2019autorisation expresse de MFKey.<\/p>\n<p><strong>15. Responsabilit\u00e9<\/strong><br \/>\nLa responsabilit\u00e9 en cas de produits d\u00e9fectueux ou de dommages caus\u00e9s par des produits d\u00e9fectueux est exclusivement r\u00e9gie par le chiffre\u00a08 des pr\u00e9sentes CG. Pour les dommages r\u00e9sultant d\u2019une livraison tardive, seul le chiffre\u00a05 des pr\u00e9sentes CG s\u2019applique. La responsabilit\u00e9 est exclue en cas d\u2019abus, de mauvaise utilisation des produits ou de d\u00e9t\u00e9rioration de la protection (produit ouvert).<br \/>\nDe m\u00eame, toute responsabilit\u00e9 est exclue en cas de mauvaise manipulation de la bo\u00eete, de stockage incorrect ou d\u2019intol\u00e9rance, d\u2019irritation ou d\u2019\u00e9ruption cutan\u00e9e.<\/p>\n<p><strong>16. Droit applicable\/for<br \/>\n<\/strong>Le contrat rel\u00e8ve exclusivement du droit suisse. La Convention des Nations unies sur les contrats de vente internationale de marchandises (CVIM) est exclue. Sauf dispositions contraires imp\u00e9ratives du droit f\u00e9d\u00e9ral, le for pour tous les litiges avec MFKey GmbH est \u00e0 Zurich, Suisse.<\/p>\n<p><strong>17. Modifications des conditions g\u00e9n\u00e9rales (CG)<br \/>\n<\/strong>MFKey GmbH se r\u00e9serve express\u00e9ment le droit d\u2019adapter \u00e0 tout moment les pr\u00e9sentes conditions g\u00e9n\u00e9rales (CG) aux circonstances et de les appliquer imm\u00e9diatement aux commandes ult\u00e9rieures.<\/p>\n<p>Version du 01.06.2017 MFKey GmbH[\/vc_column_text][\/vc_column][\/vc_row]<\/p>\n<\/div>","protected":false},"excerpt":{"rendered":"<p>[vc_row][vc_column][vc_icon icon_fontawesome=\u00a0\u00bbfas fa-balance-scale\u00a0\u00bb color=\u00a0\u00bbcustom\u00a0\u00bb size=\u00a0\u00bblg\u00a0\u00bb align=\u00a0\u00bbcenter\u00a0\u00bb css=\u00a0\u00bb\u00a0\u00bb custom_color=\u00a0\u00bb#a555ec\u00a0\u00bb][vc_column_text css=\u00a0\u00bb\u00a0\u00bb]MFKey GmbH : CONDITIONS G\u00c9N\u00c9RALES (CG) 1. Validit\u00e9 des conditions g\u00e9n\u00e9rales (CG) MFKey GmbH effectue toutes les livraisons exclusivement sur la base des pr\u00e9sentes conditions g\u00e9n\u00e9rales. En passant commande, l\u2019acheteur d\u00e9clare express\u00e9ment accepter ces CG. Nous indiquons ici express\u00e9ment n\u2019accepter aucune CG de nos clients. En cas de divergences entre la version allemande et la version fran\u00e7aise, la version allemande fera syst\u00e9matiquement foi. Les pr\u00e9sentes CG font partie int\u00e9grante du contrat conclu entre l\u2019acheteur et MFKey GmbH. Elles s\u2019appliquent \u00e0 la livraison de marchandises command\u00e9es en ligne (Internet) par le client ou<span class=\"excerpt-hellip\"> [\u2026]<\/span><\/p>\n","protected":false},"author":1,"featured_media":0,"parent":0,"menu_order":0,"comment_status":"closed","ping_status":"closed","template":"","meta":{"footnotes":""},"yst_prominent_words":[69],"_links":{"self":[{"href":"https:\/\/www.beach-pharmacy.com\/fr\/wp-json\/wp\/v2\/pages\/6306"}],"collection":[{"href":"https:\/\/www.beach-pharmacy.com\/fr\/wp-json\/wp\/v2\/pages"}],"about":[{"href":"https:\/\/www.beach-pharmacy.com\/fr\/wp-json\/wp\/v2\/types\/page"}],"author":[{"embeddable":true,"href":"https:\/\/www.beach-pharmacy.com\/fr\/wp-json\/wp\/v2\/users\/1"}],"replies":[{"embeddable":true,"href":"https:\/\/www.beach-pharmacy.com\/fr\/wp-json\/wp\/v2\/comments?post=6306"}],"version-history":[{"count":7,"href":"https:\/\/www.beach-pharmacy.com\/fr\/wp-json\/wp\/v2\/pages\/6306\/revisions"}],"predecessor-version":[{"id":6331,"href":"https:\/\/www.beach-pharmacy.com\/fr\/wp-json\/wp\/v2\/pages\/6306\/revisions\/6331"}],"wp:attachment":[{"href":"https:\/\/www.beach-pharmacy.com\/fr\/wp-json\/wp\/v2\/media?parent=6306"}],"wp:term":[{"taxonomy":"yst_prominent_words","embeddable":true,"href":"https:\/\/www.beach-pharmacy.com\/fr\/wp-json\/wp\/v2\/yst_prominent_words?post=6306"}],"curies":[{"name":"wp","href":"https:\/\/api.w.org\/{rel}","templated":true}]}}