{"id":6297,"date":"2024-07-09T13:01:10","date_gmt":"2024-07-09T12:01:10","guid":{"rendered":"https:\/\/www.beach-pharmacy.com\/?page_id=6297"},"modified":"2024-07-09T13:35:14","modified_gmt":"2024-07-09T12:35:14","slug":"disclaimer","status":"publish","type":"page","link":"https:\/\/www.beach-pharmacy.com\/fr\/disclaimer\/","title":{"rendered":"Disclaimer"},"content":{"rendered":"<div class=\"wpb-content-wrapper\"><p>[vc_row][vc_column][vc_icon icon_fontawesome=\u00a0\u00bbfas fa-file\u00a0\u00bb color=\u00a0\u00bbcustom\u00a0\u00bb size=\u00a0\u00bblg\u00a0\u00bb align=\u00a0\u00bbcenter\u00a0\u00bb css=\u00a0\u00bb\u00a0\u00bb custom_color=\u00a0\u00bb#a555ec\u00a0\u00bb][vc_column_text css=\u00a0\u00bb\u00a0\u00bb]DISCLAIMER \/ INFORMATIONS L\u00c9GALES<\/p>\n<p><img loading=\"lazy\" decoding=\"async\" class=\"alignnone wp-image-3808\" src=\"https:\/\/www.beach-pharmacy.com\/wp-content\/uploads\/2016\/08\/MFK_Logo-1.png\" alt=\"\" width=\"208\" height=\"54\" \/><br \/>\nAusserdorfstrasse 12 F<br \/>\nCH-8052 Z\u00fcrich \/ Switzerland<\/p>\n<p>\u00a9 2021 by MFKey GmbH \u2013 All rights reserved<\/p>\n<p>&nbsp;<\/p>\n<h4><strong>Absence d&rsquo;offre contraignante<\/strong><\/h4>\n<p>En principe, aucun \u00e9l\u00e9ment sur le site web de MFKey GmbH ne constitue une offre contraignante pour les visiteurs du site. Si MFKey GmbH souhaite faire une invitation \u00e0 soumissionner ou, exceptionnellement, une offre contraignante via le site web, elle le pr\u00e9cisera clairement et sans ambigu\u00eft\u00e9. En cas de doute \u00e0 cet \u00e9gard, les visiteurs doivent supposer que MFKey GmbH n&rsquo;a pas l&rsquo;intention de faire une offre contraignante.<\/p>\n<h4><strong>Responsabilit\u00e9<\/strong><\/h4>\n<p>MFKey GmbH d\u00e9cline toute responsabilit\u00e9 pour les informations accessibles \u00e0 partir ou via le site web de MFKey GmbH. Les seules exceptions sont les informations clairement marqu\u00e9es d&rsquo;une mention concernant l&rsquo;origine de MFKey GmbH ou celles qui proviennent clairement de MFKey GmbH. MFKey GmbH n&rsquo;exerce aucun contr\u00f4le sur les informations provenant de serveurs externes, de serveurs accessibles au public, de serveurs de nouvelles Usenet, de forums de discussion, de salles de chat, etc. Les informations contenues sur le site web de MFKey GmbH peuvent changer \u00e0 tout moment. MFKey GmbH ne peut garantir que ces informations sont compl\u00e8tes ou \u00e0 jour. Leur utilisation se fait aux risques des visiteurs.<\/p>\n<h4><strong>Droits d&rsquo;auteur<\/strong><\/h4>\n<p>Il est pr\u00e9sum\u00e9 que les informations accessibles via le site web de MFKey GmbH sont prot\u00e9g\u00e9es par le droit d&rsquo;auteur et que leur utilisation commerciale n&rsquo;est autoris\u00e9e qu&rsquo;avec le consentement de l&rsquo;auteur et moyennant une r\u00e9mun\u00e9ration.[\/vc_column_text][\/vc_column][\/vc_row]<\/p>\n<\/div>","protected":false},"excerpt":{"rendered":"<p>[vc_row][vc_column][vc_icon icon_fontawesome=\u00a0\u00bbfas fa-file\u00a0\u00bb color=\u00a0\u00bbcustom\u00a0\u00bb size=\u00a0\u00bblg\u00a0\u00bb align=\u00a0\u00bbcenter\u00a0\u00bb css=\u00a0\u00bb\u00a0\u00bb custom_color=\u00a0\u00bb#a555ec\u00a0\u00bb][vc_column_text css=\u00a0\u00bb\u00a0\u00bb]DISCLAIMER \/ INFORMATIONS L\u00c9GALES Ausserdorfstrasse 12 F CH-8052 Z\u00fcrich \/ Switzerland \u00a9 2021 by MFKey GmbH \u2013 All rights reserved &nbsp; Absence d&rsquo;offre contraignante En principe, aucun \u00e9l\u00e9ment sur le site web de MFKey GmbH ne constitue une offre contraignante pour les visiteurs du site. Si MFKey GmbH souhaite faire une invitation \u00e0 soumissionner ou, exceptionnellement, une offre contraignante via le site web, elle le pr\u00e9cisera clairement et sans ambigu\u00eft\u00e9. En cas de doute \u00e0 cet \u00e9gard, les visiteurs doivent supposer que MFKey GmbH n&rsquo;a pas l&rsquo;intention de faire une offre contraignante.<span class=\"excerpt-hellip\"> [\u2026]<\/span><\/p>\n","protected":false},"author":1,"featured_media":0,"parent":0,"menu_order":0,"comment_status":"closed","ping_status":"closed","template":"","meta":{"footnotes":""},"yst_prominent_words":[],"_links":{"self":[{"href":"https:\/\/www.beach-pharmacy.com\/fr\/wp-json\/wp\/v2\/pages\/6297"}],"collection":[{"href":"https:\/\/www.beach-pharmacy.com\/fr\/wp-json\/wp\/v2\/pages"}],"about":[{"href":"https:\/\/www.beach-pharmacy.com\/fr\/wp-json\/wp\/v2\/types\/page"}],"author":[{"embeddable":true,"href":"https:\/\/www.beach-pharmacy.com\/fr\/wp-json\/wp\/v2\/users\/1"}],"replies":[{"embeddable":true,"href":"https:\/\/www.beach-pharmacy.com\/fr\/wp-json\/wp\/v2\/comments?post=6297"}],"version-history":[{"count":4,"href":"https:\/\/www.beach-pharmacy.com\/fr\/wp-json\/wp\/v2\/pages\/6297\/revisions"}],"predecessor-version":[{"id":6316,"href":"https:\/\/www.beach-pharmacy.com\/fr\/wp-json\/wp\/v2\/pages\/6297\/revisions\/6316"}],"wp:attachment":[{"href":"https:\/\/www.beach-pharmacy.com\/fr\/wp-json\/wp\/v2\/media?parent=6297"}],"wp:term":[{"taxonomy":"yst_prominent_words","embeddable":true,"href":"https:\/\/www.beach-pharmacy.com\/fr\/wp-json\/wp\/v2\/yst_prominent_words?post=6297"}],"curies":[{"name":"wp","href":"https:\/\/api.w.org\/{rel}","templated":true}]}}