{"id":6020,"date":"2024-06-06T21:58:24","date_gmt":"2024-06-06T20:58:24","guid":{"rendered":"https:\/\/www.beach-pharmacy.com\/fr\/produkte-2\/"},"modified":"2024-07-12T07:13:30","modified_gmt":"2024-07-12T06:13:30","slug":"produits","status":"publish","type":"page","link":"https:\/\/www.beach-pharmacy.com\/fr\/produits\/","title":{"rendered":"Produits"},"content":{"rendered":"<div class=\"wpb-content-wrapper\"><p>[vc_row][vc_column][vc_row_inner css=\u00a0\u00bb.vc_custom_1718297528163{margin-bottom: 0px !important;}\u00a0\u00bb][vc_column_inner el_class=\u00a0\u00bbtext-down\u00a0\u00bb width=\u00a0\u00bb7\/12&Prime; css=\u00a0\u00bb.vc_custom_1717747426674{margin-top: -150px !important;}\u00a0\u00bb][vc_column_text css=\u00a0\u00bb\u00a0\u00bb]<strong>Qu\u2019est-ce que le Kit plage M\u00e9duses\u00a0?<\/strong><\/p>\n<p>Le Kit plage M\u00e9duses se compose d\u2019un liquide (Sea Acetum), qui neutralise les cellules urticantes sur la peau apr\u00e8s un contact avec une m\u00e9duse, et d\u2019un gel (Sea Gel) rafra\u00eechissant et apaisant.<\/p>\n<p><strong>Comment fonctionne le Kit plage M\u00e9duses\u00a0?<\/strong><\/p>\n<p>Lors d\u2019un contact avec une m\u00e9duse, celle-ci d\u00e9pose des capsules urticantes qui adh\u00e8rent \u00e0 la peau gr\u00e2ce au mucus qui recouvre son corps. Lors du premier contact, une petite partie des capsules urticantes est lib\u00e9r\u00e9e. Celles-ci contiennent un harpon qui p\u00e9n\u00e8tre dans l\u2019\u00e9piderme et lib\u00e8re une toxine qui provoque des douleurs.<\/p>\n<p>La majeure partie des capsules urticantes reste intacte \u00e0 la surface de la peau. Le liquide Sea Acetum neutralise ces capsules superficielles afin de les retirer et de limiter les l\u00e9sions.[\/vc_column_text][\/vc_column_inner][vc_column_inner width=\u00a0\u00bb5\/12&Prime;][\/vc_column_inner][\/vc_row_inner][\/vc_column][\/vc_row][vc_row][vc_column][vc_column_text css=\u00a0\u00bb\u00a0\u00bb]<strong>Comment utiliser le Kit plage M\u00e9duses\u00a0?<\/strong><\/p>\n<p>Apr\u00e8s un contact avec une m\u00e9duse, sortez de l\u2019eau et appliquez le kit plage M\u00e9duses\u00a0:[\/vc_column_text][vc_row_inner gap=\u00a0\u00bb10&Prime; css=\u00a0\u00bb.vc_custom_1720503948029{margin-bottom: 0px !important;}\u00a0\u00bb][vc_column_inner width=\u00a0\u00bb1\/6&Prime;][vc_single_image image=\u00a0\u00bb5817&Prime; img_size=\u00a0\u00bbmedium\u00a0\u00bb css=\u00a0\u00bb.vc_custom_1717747612658{margin-bottom: 0px !important;}\u00a0\u00bb][\/vc_column_inner][vc_column_inner width=\u00a0\u00bb1\/6&Prime;][vc_column_text css=\u00a0\u00bb\u00a0\u00bb]<span style=\"color: #d09cfa;\">\u00c9tape 1:<\/span>\u00a0Enfilez les gants de protection (figure 1) pour prot\u00e9ger vos mains des capsules urticantes pendant l\u2019application.[\/vc_column_text][\/vc_column_inner][vc_column_inner width=\u00a0\u00bb1\/6&Prime;][vc_single_image image=\u00a0\u00bb5821&Prime; img_size=\u00a0\u00bbfull\u00a0\u00bb css=\u00a0\u00bb.vc_custom_1717747615886{margin-bottom: 0px !important;}\u00a0\u00bb][\/vc_column_inner][vc_column_inner width=\u00a0\u00bb1\/6&Prime;][vc_column_text css=\u00a0\u00bb\u00a0\u00bb]<span style=\"color: #d09cfa;\">\u00c9tape 2: <\/span>Pulv\u00e9risez le liquide Sea Acetum sur les capsules urticantes d\u00e9pos\u00e9es sur la peau. Laissez agir environ 60 secondes. R\u00e9p\u00e9tez l\u2019op\u00e9ration si n\u00e9cessaire (figure 2).[\/vc_column_text][\/vc_column_inner][vc_column_inner width=\u00a0\u00bb1\/6&Prime;][vc_single_image image=\u00a0\u00bb5825&Prime; img_size=\u00a0\u00bbfull\u00a0\u00bb css=\u00a0\u00bb.vc_custom_1717747619291{margin-bottom: 0px !important;}\u00a0\u00bb][\/vc_column_inner][vc_column_inner width=\u00a0\u00bb1\/6&Prime;][vc_column_text css=\u00a0\u00bb\u00a0\u00bb]<span style=\"color: #d09cfa;\">\u00c9tape 3:<\/span> Raclez d\u00e9licatement les capsules urticantes coll\u00e9es \u00e0 la peau \u00e0 l\u2019aide du grattoir inclin\u00e9 \u00e0 environ 30\u00b0 (figure 3). [\/vc_column_text][\/vc_column_inner][\/vc_row_inner][vc_row_inner gap=\u00a0\u00bb10&Prime; css=\u00a0\u00bb.vc_custom_1720503954536{margin-bottom: 0px !important;}\u00a0\u00bb][vc_column_inner el_class=\u00a0\u00bbbox-padd\u00a0\u00bb width=\u00a0\u00bb1\/6&Prime;][\/vc_column_inner][vc_column_inner width=\u00a0\u00bb1\/6&Prime;][vc_single_image image=\u00a0\u00bb5829&Prime; img_size=\u00a0\u00bbfull\u00a0\u00bb css=\u00a0\u00bb.vc_custom_1717747623010{margin-bottom: 0px !important;}\u00a0\u00bb][\/vc_column_inner][vc_column_inner width=\u00a0\u00bb1\/6&Prime;][vc_column_text css=\u00a0\u00bb\u00a0\u00bb]<span style=\"color: #d09cfa;\">\u00c9tape 4:<\/span> Appliquez le Sea Gel sur la r\u00e9gion cutan\u00e9e touch\u00e9e pour un effet apaisant et calmant (figure 4). [\/vc_column_text][\/vc_column_inner][vc_column_inner width=\u00a0\u00bb1\/6&Prime;][vc_single_image image=\u00a0\u00bb5833&Prime; img_size=\u00a0\u00bbfull\u00a0\u00bb css=\u00a0\u00bb.vc_custom_1717747626258{margin-bottom: 0px !important;}\u00a0\u00bb][\/vc_column_inner][vc_column_inner width=\u00a0\u00bb1\/6&Prime;][vc_column_text css=\u00a0\u00bb\u00a0\u00bb]<span style=\"color: #d09cfa;\">\u00c9tape 5:<\/span> Apr\u00e8s un contact avec une m\u00e9duse, il est recommand\u00e9 de consulter un m\u00e9decin (figure 5). [\/vc_column_text][\/vc_column_inner][vc_column_inner el_class=\u00a0\u00bbbox-padd\u00a0\u00bb width=\u00a0\u00bb1\/6&Prime;][\/vc_column_inner][\/vc_row_inner][\/vc_column][\/vc_row][vc_row][vc_column][vc_separator css=\u00a0\u00bb.vc_custom_1718296921651{margin-top: 5px !important;margin-bottom: 5px !important;}\u00a0\u00bb][vc_empty_space el_class=\u00a0\u00bbspace\u00a0\u00bb][\/vc_column][\/vc_row][vc_row][vc_column][vc_row_inner gap=\u00a0\u00bb10&Prime;][vc_column_inner width=\u00a0\u00bb1\/6&Prime;][vc_single_image image=\u00a0\u00bb5852&Prime; img_size=\u00a0\u00bbfull\u00a0\u00bb css=\u00a0\u00bb.vc_custom_1717711948164{margin-bottom: 0px !important;}\u00a0\u00bb][vc_column_text css=\u00a0\u00bb\u00a0\u00bb]<\/p>\n<h5 style=\"text-align: center;\"><strong>Gant<\/strong><\/h5>\n<p>[\/vc_column_text][\/vc_column_inner][vc_column_inner width=\u00a0\u00bb1\/6&Prime;][vc_single_image image=\u00a0\u00bb6221&Prime; img_size=\u00a0\u00bbfull\u00a0\u00bb css=\u00a0\u00bb.vc_custom_1720489269890{margin-bottom: 0px !important;}\u00a0\u00bb][vc_column_text css=\u00a0\u00bb\u00a0\u00bb]<\/p>\n<h5 style=\"text-align: center;\"><strong>Liquide Sea Acetum<\/strong><\/h5>\n<p>[\/vc_column_text][\/vc_column_inner][vc_column_inner width=\u00a0\u00bb1\/6&Prime;][vc_single_image image=\u00a0\u00bb5442&Prime; img_size=\u00a0\u00bbfull\u00a0\u00bb css=\u00a0\u00bb.vc_custom_1717711958446{margin-bottom: 0px !important;}\u00a0\u00bb][vc_column_text css=\u00a0\u00bb\u00a0\u00bb]<\/p>\n<h5 style=\"text-align: center;\"><strong>Grattoir pour retirer les capsules urticantes<\/strong><\/h5>\n<p>[\/vc_column_text][\/vc_column_inner][vc_column_inner width=\u00a0\u00bb1\/6&Prime;][vc_single_image image=\u00a0\u00bb6218&Prime; img_size=\u00a0\u00bbfull\u00a0\u00bb css=\u00a0\u00bb.vc_custom_1720489188660{margin-bottom: 0px !important;}\u00a0\u00bb][vc_column_text css=\u00a0\u00bb\u00a0\u00bb]<\/p>\n<h5 style=\"text-align: center;\"><strong>Sea Gel rafra\u00eechissant<\/strong><\/h5>\n<p>[\/vc_column_text][\/vc_column_inner][vc_column_inner width=\u00a0\u00bb1\/6&Prime;][vc_single_image image=\u00a0\u00bb5862&Prime; img_size=\u00a0\u00bbfull\u00a0\u00bb css=\u00a0\u00bb.vc_custom_1717711965539{margin-bottom: 0px !important;}\u00a0\u00bb][vc_column_text css=\u00a0\u00bb\u00a0\u00bb]<\/p>\n<h5 style=\"text-align: center;\"><strong>Notice<\/strong><\/h5>\n<p>[\/vc_column_text][\/vc_column_inner][vc_column_inner width=\u00a0\u00bb1\/6&Prime;][vc_single_image image=\u00a0\u00bb6215&Prime; img_size=\u00a0\u00bbfull\u00a0\u00bb css=\u00a0\u00bb.vc_custom_1720489064510{margin-bottom: 0px !important;}\u00a0\u00bb][vc_column_text css=\u00a0\u00bb\u00a0\u00bb]<\/p>\n<h5 style=\"text-align: center;\"><strong>Bo\u00eete de r\u00e9serve<\/strong><\/h5>\n<p>[\/vc_column_text][\/vc_column_inner][\/vc_row_inner][\/vc_column][\/vc_row]<\/p>\n<\/div>","protected":false},"excerpt":{"rendered":"<p>[vc_row][vc_column][vc_row_inner css=\u00a0\u00bb.vc_custom_1718297528163{margin-bottom: 0px !important;}\u00a0\u00bb][vc_column_inner el_class=\u00a0\u00bbtext-down\u00a0\u00bb width=\u00a0\u00bb7\/12&Prime; css=\u00a0\u00bb.vc_custom_1717747426674{margin-top: -150px !important;}\u00a0\u00bb][vc_column_text css=\u00a0\u00bb\u00a0\u00bb]Qu\u2019est-ce que le Kit plage M\u00e9duses\u00a0? Le Kit plage M\u00e9duses se compose d\u2019un liquide (Sea Acetum), qui neutralise les cellules urticantes sur la peau apr\u00e8s un contact avec une m\u00e9duse, et d\u2019un gel (Sea Gel) rafra\u00eechissant et apaisant. Comment fonctionne le Kit plage M\u00e9duses\u00a0? Lors d\u2019un contact avec une m\u00e9duse, celle-ci d\u00e9pose des capsules urticantes qui adh\u00e8rent \u00e0 la peau gr\u00e2ce au mucus qui recouvre son corps. Lors du premier contact, une petite partie des capsules urticantes est lib\u00e9r\u00e9e. Celles-ci contiennent un harpon qui p\u00e9n\u00e8tre dans l\u2019\u00e9piderme et lib\u00e8re une toxine<span class=\"excerpt-hellip\"> [\u2026]<\/span><\/p>\n","protected":false},"author":1,"featured_media":0,"parent":0,"menu_order":0,"comment_status":"closed","ping_status":"closed","template":"","meta":{"footnotes":""},"yst_prominent_words":[],"_links":{"self":[{"href":"https:\/\/www.beach-pharmacy.com\/fr\/wp-json\/wp\/v2\/pages\/6020"}],"collection":[{"href":"https:\/\/www.beach-pharmacy.com\/fr\/wp-json\/wp\/v2\/pages"}],"about":[{"href":"https:\/\/www.beach-pharmacy.com\/fr\/wp-json\/wp\/v2\/types\/page"}],"author":[{"embeddable":true,"href":"https:\/\/www.beach-pharmacy.com\/fr\/wp-json\/wp\/v2\/users\/1"}],"replies":[{"embeddable":true,"href":"https:\/\/www.beach-pharmacy.com\/fr\/wp-json\/wp\/v2\/comments?post=6020"}],"version-history":[{"count":21,"href":"https:\/\/www.beach-pharmacy.com\/fr\/wp-json\/wp\/v2\/pages\/6020\/revisions"}],"predecessor-version":[{"id":6334,"href":"https:\/\/www.beach-pharmacy.com\/fr\/wp-json\/wp\/v2\/pages\/6020\/revisions\/6334"}],"wp:attachment":[{"href":"https:\/\/www.beach-pharmacy.com\/fr\/wp-json\/wp\/v2\/media?parent=6020"}],"wp:term":[{"taxonomy":"yst_prominent_words","embeddable":true,"href":"https:\/\/www.beach-pharmacy.com\/fr\/wp-json\/wp\/v2\/yst_prominent_words?post=6020"}],"curies":[{"name":"wp","href":"https:\/\/api.w.org\/{rel}","templated":true}]}}