{"id":5584,"date":"2024-05-24T22:28:12","date_gmt":"2024-05-24T21:28:12","guid":{"rendered":"https:\/\/www.beach-pharmacy.com\/fr\/?page_id=5584"},"modified":"2024-07-12T07:17:07","modified_gmt":"2024-07-12T06:17:07","slug":"downloads","status":"publish","type":"page","link":"https:\/\/www.beach-pharmacy.com\/fr\/downloads\/","title":{"rendered":"Downloads"},"content":{"rendered":"<div class=\"wpb-content-wrapper\"><p>[vc_row full_width=\u00a0\u00bbstretch_row\u00a0\u00bb content_placement=\u00a0\u00bbtop\u00a0\u00bb parallax=\u00a0\u00bbcontent-moving\u00a0\u00bb parallax_image=\u00a0\u00bb3552&Prime; section=\u00a0\u00bbdefault\u00a0\u00bb css=\u00a0\u00bb.vc_custom_1610068705228{background-image: url(https:\/\/www.beach-pharmacy.com\/wp-content\/uploads\/2016\/08\/Fotolia_30576966_Subscription_Monthly_M.jpg?id=3552) !important;}\u00a0\u00bb][vc_column][vc_custom_heading text=\u00a0\u00bbM\u00c9DUSE, QUI ES-TU ?\u00a0\u00bb font_container=\u00a0\u00bbtag:h2|text_align:center|color:%23ffffff\u00a0\u00bb use_theme_fonts=\u00a0\u00bbyes\u00a0\u00bb css=\u00a0\u00bb.vc_custom_1720764941009{padding-bottom: 10px !important;}\u00a0\u00bb][vc_column_text css=\u00a0\u00bb\u00a0\u00bb]<\/p>\n<p style=\"text-align: center;\"><span style=\"color: #ffffff;\">Kit plage M\u00e9duses \u2013 Le premier soin de plage au monde pour un traitement rapide et efficace de la peau apr\u00e8s tout contact avec une m\u00e9duse<\/span><\/p>\n<p>[\/vc_column_text][vc_empty_space][\/vc_column][\/vc_row][vc_row][vc_column width=\u00a0\u00bb2\/12&Prime; el_class=\u00a0\u00bbbox-padd\u00a0\u00bb][\/vc_column][vc_column width=\u00a0\u00bb8\/12&Prime;][vc_row_inner equal_height=\u00a0\u00bbyes\u00a0\u00bb el_class=\u00a0\u00bbdownload-box\u00a0\u00bb][vc_column_inner width=\u00a0\u00bb1\/2&Prime; css=\u00a0\u00bb.vc_custom_1611760154952{padding-bottom: 35px !important;background-color: #e8e8e8 !important;}\u00a0\u00bb]<div class=\"cq-sticker\" data-backgroundtype=\"gradient\" data-backgroundcolor=\"#AAB2BD\" data-gradientcolor=\"#a555ec\" data-image=\"\" data-icon=\"fa fa-mixcloud\" data-size=\"100px\" data-fontsize=\"\" data-fontcolor=\"\" data-elementmargin=\"\" data-shadowopacity=\"0.8\"><\/div>[vc_custom_heading text=\u00a0\u00bbDownloads\u00a0\u00bb font_container=\u00a0\u00bbtag:h3|text_align:center|color:%2336274c\u00a0\u00bb use_theme_fonts=\u00a0\u00bbyes\u00a0\u00bb][vc_btn title=\u00a0\u00bbMSDS MFKey Sea Acetum\u00a0\u00bb style=\u00a0\u00bbgradient-custom\u00a0\u00bb gradient_custom_color_1=\u00a0\u00bb#7e00ed\u00a0\u00bb gradient_custom_color_2=\u00a0\u00bb#b68ae2&Prime; align=\u00a0\u00bbcenter\u00a0\u00bb i_icon_fontawesome=\u00a0\u00bbfas fa-cloud-download-alt\u00a0\u00bb css=\u00a0\u00bb.vc_custom_1720506374168{margin-bottom: 10px !important;padding-right: 10px !important;padding-left: 10px !important;}\u00a0\u00bb button_block=\u00a0\u00bbtrue\u00a0\u00bb add_icon=\u00a0\u00bbtrue\u00a0\u00bb link=\u00a0\u00bburl:https%3A%2F%2Fwww.beach-pharmacy.com%2Fwp-content%2Fuploads%2F2024%2F05%2F011_MSDS_MFKey_SeaAcetum_E_V2.pdf|title:MSDS_MFKey_SeaAcetum|target:%20_blank|\u00a0\u00bb][vc_btn title=\u00a0\u00bbMSDS_MFKey_SeaGel\u00a0\u00bb style=\u00a0\u00bbgradient-custom\u00a0\u00bb gradient_custom_color_1=\u00a0\u00bb#7e00ed\u00a0\u00bb gradient_custom_color_2=\u00a0\u00bb#b68ae2&Prime; align=\u00a0\u00bbcenter\u00a0\u00bb i_icon_fontawesome=\u00a0\u00bbfas fa-cloud-download-alt\u00a0\u00bb css=\u00a0\u00bb.vc_custom_1720506395634{margin-bottom: 10px !important;padding-right: 10px !important;padding-left: 10px !important;}\u00a0\u00bb button_block=\u00a0\u00bbtrue\u00a0\u00bb add_icon=\u00a0\u00bbtrue\u00a0\u00bb link=\u00a0\u00bburl:https%3A%2F%2Fwww.beach-pharmacy.com%2Fwp-content%2Fuploads%2F2024%2F06%2F021_MSDS_MFKey_SeaGel_E_V2.pdf|title:MSDS_MFKey_SeaGel|target:%20_blank|\u00a0\u00bb][vc_btn title=\u00a0\u00bbCPNP REFERENCE\u00a0\u00bb style=\u00a0\u00bbgradient-custom\u00a0\u00bb gradient_custom_color_1=\u00a0\u00bb#7e00ed\u00a0\u00bb gradient_custom_color_2=\u00a0\u00bb#b68ae2&Prime; align=\u00a0\u00bbcenter\u00a0\u00bb i_icon_fontawesome=\u00a0\u00bbfas fa-cloud-download-alt\u00a0\u00bb css=\u00a0\u00bb.vc_custom_1720506417738{margin-bottom: 10px !important;padding-right: 10px !important;padding-left: 10px !important;}\u00a0\u00bb button_block=\u00a0\u00bbtrue\u00a0\u00bb add_icon=\u00a0\u00bbtrue\u00a0\u00bb link=\u00a0\u00bburl:https%3A%2F%2Fwww.beach-pharmacy.com%2Fwp-content%2Fuploads%2F2024%2F05%2FCPNP_REFERENCE_4399939_20_11_2023.pdf|title:CPNP%20REFERENCE|target:%20_blank|\u00a0\u00bb][\/vc_column_inner][vc_column_inner width=\u00a0\u00bb1\/2&Prime; css=\u00a0\u00bb.vc_custom_1718292748782{padding-bottom: 30px !important;background-color: #36274c !important;}\u00a0\u00bb]<div class=\"cq-sticker\" data-backgroundtype=\"gradient\" data-backgroundcolor=\"#AAB2BD\" data-gradientcolor=\"#a555ec\" data-image=\"\" data-icon=\"fa fa-info-circle\" data-size=\"100px\" data-fontsize=\"\" data-fontcolor=\"\" data-elementmargin=\"\" data-shadowopacity=\"0.8\"><\/div>[vc_custom_heading text=\u00a0\u00bbManual\u00a0\u00bb font_container=\u00a0\u00bbtag:h3|text_align:center|color:%23ffffff\u00a0\u00bb use_theme_fonts=\u00a0\u00bbyes\u00a0\u00bb][vc_btn title=\u00a0\u00bbQuallen Strand Set 5-sprachig\u00a0\u00bb style=\u00a0\u00bbgradient-custom\u00a0\u00bb gradient_custom_color_1=\u00a0\u00bb#7e00ed\u00a0\u00bb gradient_custom_color_2=\u00a0\u00bb#b68ae2&Prime; align=\u00a0\u00bbcenter\u00a0\u00bb i_icon_fontawesome=\u00a0\u00bbfas fa-cloud-download-alt\u00a0\u00bb css=\u00a0\u00bb.vc_custom_1720506357127{margin-bottom: 10px !important;padding-right: 10px !important;padding-left: 10px !important;}\u00a0\u00bb button_block=\u00a0\u00bbtrue\u00a0\u00bb add_icon=\u00a0\u00bbtrue\u00a0\u00bb link=\u00a0\u00bburl:https%3A%2F%2Fwww.beach-pharmacy.com%2Fwp-content%2Fuploads%2F2024%2F05%2FBeipackzettel_Quallen-Strand-Set_5-sprachig.pdf|title:Beipackzettel_Quallen%20Strand%20%20Set_5-sprachig|target:%20_blank|\u00a0\u00bb][\/vc_column_inner][\/vc_row_inner][\/vc_column][vc_column width=\u00a0\u00bb2\/12&Prime; el_class=\u00a0\u00bbbox-padd\u00a0\u00bb][\/vc_column][\/vc_row][vc_row][vc_column css=\u00a0\u00bb.vc_custom_1718293234116{padding-top: 0px !important;}\u00a0\u00bb][vc_message message_box_color=\u00a0\u00bbwarning\u00a0\u00bb css=\u00a0\u00bb\u00a0\u00bb]Fourni dans un emballage r\u00e9sistant aux UV et prot\u00e9g\u00e9 contre les \u00e9claboussures, le Kit plage M\u00e9duses est l\u2019indispensable de tout sac de plage\u00a0![\/vc_message][\/vc_column][\/vc_row]<\/p>\n<\/div>","protected":false},"excerpt":{"rendered":"<p>[vc_row full_width=\u00a0\u00bbstretch_row\u00a0\u00bb content_placement=\u00a0\u00bbtop\u00a0\u00bb parallax=\u00a0\u00bbcontent-moving\u00a0\u00bb parallax_image=\u00a0\u00bb3552&Prime; section=\u00a0\u00bbdefault\u00a0\u00bb css=\u00a0\u00bb.vc_custom_1610068705228{background-image: url(https:\/\/www.beach-pharmacy.com\/wp-content\/uploads\/2016\/08\/Fotolia_30576966_Subscription_Monthly_M.jpg?id=3552) !important;}\u00a0\u00bb][vc_column][vc_custom_heading text=\u00a0\u00bbM\u00c9DUSE, QUI ES-TU ?\u00a0\u00bb font_container=\u00a0\u00bbtag:h2|text_align:center|color:%23ffffff\u00a0\u00bb use_theme_fonts=\u00a0\u00bbyes\u00a0\u00bb css=\u00a0\u00bb.vc_custom_1720764941009{padding-bottom: 10px !important;}\u00a0\u00bb][vc_column_text css=\u00a0\u00bb\u00a0\u00bb] Kit plage M\u00e9duses \u2013 Le premier soin de plage au monde pour un traitement rapide et efficace de la peau apr\u00e8s tout contact avec une m\u00e9duse [\/vc_column_text][vc_empty_space][\/vc_column][\/vc_row][vc_row][vc_column width=\u00a0\u00bb2\/12&Prime; el_class=\u00a0\u00bbbox-padd\u00a0\u00bb][\/vc_column][vc_column width=\u00a0\u00bb8\/12&Prime;][vc_row_inner equal_height=\u00a0\u00bbyes\u00a0\u00bb el_class=\u00a0\u00bbdownload-box\u00a0\u00bb][vc_column_inner width=\u00a0\u00bb1\/2&Prime; css=\u00a0\u00bb.vc_custom_1611760154952{padding-bottom: 35px !important;background-color: #e8e8e8 !important;}\u00a0\u00bb][vc_custom_heading text=\u00a0\u00bbDownloads\u00a0\u00bb font_container=\u00a0\u00bbtag:h3|text_align:center|color:%2336274c\u00a0\u00bb use_theme_fonts=\u00a0\u00bbyes\u00a0\u00bb][vc_btn title=\u00a0\u00bbMSDS MFKey Sea Acetum\u00a0\u00bb style=\u00a0\u00bbgradient-custom\u00a0\u00bb gradient_custom_color_1=\u00a0\u00bb#7e00ed\u00a0\u00bb gradient_custom_color_2=\u00a0\u00bb#b68ae2&Prime; align=\u00a0\u00bbcenter\u00a0\u00bb i_icon_fontawesome=\u00a0\u00bbfas fa-cloud-download-alt\u00a0\u00bb css=\u00a0\u00bb.vc_custom_1720506374168{margin-bottom: 10px !important;padding-right: 10px !important;padding-left: 10px !important;}\u00a0\u00bb button_block=\u00a0\u00bbtrue\u00a0\u00bb add_icon=\u00a0\u00bbtrue\u00a0\u00bb link=\u00a0\u00bburl:https%3A%2F%2Fwww.beach-pharmacy.com%2Fwp-content%2Fuploads%2F2024%2F05%2F011_MSDS_MFKey_SeaAcetum_E_V2.pdf|title:MSDS_MFKey_SeaAcetum|target:%20_blank|\u00a0\u00bb][vc_btn title=\u00a0\u00bbMSDS_MFKey_SeaGel\u00a0\u00bb style=\u00a0\u00bbgradient-custom\u00a0\u00bb gradient_custom_color_1=\u00a0\u00bb#7e00ed\u00a0\u00bb gradient_custom_color_2=\u00a0\u00bb#b68ae2&Prime; align=\u00a0\u00bbcenter\u00a0\u00bb i_icon_fontawesome=\u00a0\u00bbfas fa-cloud-download-alt\u00a0\u00bb css=\u00a0\u00bb.vc_custom_1720506395634{margin-bottom: 10px !important;padding-right: 10px !important;padding-left: 10px !important;}\u00a0\u00bb button_block=\u00a0\u00bbtrue\u00a0\u00bb add_icon=\u00a0\u00bbtrue\u00a0\u00bb link=\u00a0\u00bburl:https%3A%2F%2Fwww.beach-pharmacy.com%2Fwp-content%2Fuploads%2F2024%2F06%2F021_MSDS_MFKey_SeaGel_E_V2.pdf|title:MSDS_MFKey_SeaGel|target:%20_blank|\u00a0\u00bb][vc_btn title=\u00a0\u00bbCPNP REFERENCE\u00a0\u00bb style=\u00a0\u00bbgradient-custom\u00a0\u00bb<span class=\"excerpt-hellip\"> [\u2026]<\/span><\/p>\n","protected":false},"author":1,"featured_media":0,"parent":0,"menu_order":0,"comment_status":"closed","ping_status":"closed","template":"","meta":{"footnotes":""},"yst_prominent_words":[],"_links":{"self":[{"href":"https:\/\/www.beach-pharmacy.com\/fr\/wp-json\/wp\/v2\/pages\/5584"}],"collection":[{"href":"https:\/\/www.beach-pharmacy.com\/fr\/wp-json\/wp\/v2\/pages"}],"about":[{"href":"https:\/\/www.beach-pharmacy.com\/fr\/wp-json\/wp\/v2\/types\/page"}],"author":[{"embeddable":true,"href":"https:\/\/www.beach-pharmacy.com\/fr\/wp-json\/wp\/v2\/users\/1"}],"replies":[{"embeddable":true,"href":"https:\/\/www.beach-pharmacy.com\/fr\/wp-json\/wp\/v2\/comments?post=5584"}],"version-history":[{"count":15,"href":"https:\/\/www.beach-pharmacy.com\/fr\/wp-json\/wp\/v2\/pages\/5584\/revisions"}],"predecessor-version":[{"id":6336,"href":"https:\/\/www.beach-pharmacy.com\/fr\/wp-json\/wp\/v2\/pages\/5584\/revisions\/6336"}],"wp:attachment":[{"href":"https:\/\/www.beach-pharmacy.com\/fr\/wp-json\/wp\/v2\/media?parent=5584"}],"wp:term":[{"taxonomy":"yst_prominent_words","embeddable":true,"href":"https:\/\/www.beach-pharmacy.com\/fr\/wp-json\/wp\/v2\/yst_prominent_words?post=5584"}],"curies":[{"name":"wp","href":"https:\/\/api.w.org\/{rel}","templated":true}]}}