{"id":4555,"date":"2016-08-21T23:10:06","date_gmt":"2016-08-21T23:10:06","guid":{"rendered":"https:\/\/new.beach-pharmacy.com\/imprint\/?lang=fr"},"modified":"2024-07-09T08:27:13","modified_gmt":"2024-07-09T07:27:13","slug":"contact","status":"publish","type":"page","link":"https:\/\/www.beach-pharmacy.com\/fr\/contact\/","title":{"rendered":"Contact"},"content":{"rendered":"<div class=\"wpb-content-wrapper\"><p>[vc_row full_width=\u00a0\u00bbstretch_row\u00a0\u00bb content_placement=\u00a0\u00bbtop\u00a0\u00bb parallax=\u00a0\u00bbcontent-moving\u00a0\u00bb parallax_image=\u00a0\u00bb3552&Prime; section=\u00a0\u00bbdefault\u00a0\u00bb css=\u00a0\u00bb.vc_custom_1612174190005{background-image: url(https:\/\/www.beach-pharmacy.com\/wp-content\/uploads\/2016\/08\/Fotolia_30576966_Subscription_Monthly_M.jpg?id=3552) !important;}\u00a0\u00bb][vc_column][vc_custom_heading text=\u00a0\u00bbM\u00c9DUSE, QUI ES-TU ?\u00a0\u00bb font_container=\u00a0\u00bbtag:h2|text_align:center|color:%23ffffff\u00a0\u00bb use_theme_fonts=\u00a0\u00bbyes\u00a0\u00bb css=\u00a0\u00bb.vc_custom_1720490954232{padding-bottom: 10px !important;}\u00a0\u00bb][vc_column_text css=\u00a0\u00bb\u00a0\u00bb]<\/p>\n<p style=\"text-align: center;\"><span style=\"color: #ffffff;\">Ensemble de plage anti-m\u00e9duses \u2013 Le premier produit cosm\u00e9tique de plage au monde pour des soins imm\u00e9diats et fiables de la peau apr\u00e8s un contact avec une m\u00e9duse<\/span><\/p>\n<p>[\/vc_column_text][vc_empty_space height=\u00a0\u00bb5px\u00a0\u00bb][\/vc_column][\/vc_row][vc_row][vc_column width=\u00a0\u00bb1\/2&Prime;]<div class=\"cq-material-card\" data-bordercolor=\"#a555ec\" data-colorstyle=\"customized\" data-isripple=\"\" data-titlecolor=\"\" data-contentcolor=\"\" data-cardwidth=\"\" data-titlemargin=\"\"><div class=\"material-card-content\"><h3 class=\"material-card-title\">Address:<\/h3><p class=\"material-card-summary\"><\/p>\n<div class=\"rocket_icon_box-text\">\n<p>OWNER \/ OPERATOR OF THE WEBSITE:<\/p>\n<p>MFKey GmbH<br \/>\nAusserdorfstrasse 12 F<br \/>\nCH-8052 Z\u00fcrich<br \/>\nSwitzerland<\/p>\n<p>Tel . +41 (0)76 338 09 19<br \/>\nMail: <a href=\"mailto:info@beach-pharmacy.com\">info@beach-pharmacy.com<\/a><\/p>\n<\/div>\n<p><\/p><\/div><\/div><div class=\"cq-material-card\" data-bordercolor=\"#a555ec\" data-colorstyle=\"customized\" data-isripple=\"\" data-titlecolor=\"\" data-contentcolor=\"\" data-cardwidth=\"\" data-titlemargin=\"\"><div class=\"material-card-content\"><h3 class=\"material-card-title\">Bank details:<\/h3><p class=\"material-card-summary\"><\/p>\n<div class=\"rocket_icon_box-text\">\n<p>Kantonalbank<br \/>\n8050 z\u00fcrich<\/p>\n<\/div>\n<p><\/p><\/div><\/div><div class=\"cq-material-card\" data-bordercolor=\"#a555ec\" data-colorstyle=\"customized\" data-isripple=\"\" data-titlecolor=\"\" data-contentcolor=\"\" data-cardwidth=\"\" data-titlemargin=\"\"><div class=\"material-card-content\"><h3 class=\"material-card-title\">Legal form:<\/h3><p class=\"material-card-summary\"><\/p>\n<div class=\"rocket_icon_box-text\">\n<p><span id=\"result_box\" class=\"short_text\" lang=\"en\"><span class=\"\">Company with limited liability<\/span><\/span><br \/>\n<span id=\"result_box\" class=\"short_text\" lang=\"en\"><span class=\"\">Managing Director<\/span><\/span>: Markus Farner<br \/>\nHR-Ref. Nr: CH-020.4.056.774-1<br \/>\nUID Nr.: CHE-445.680.120<\/p>\n<p>General terms of business (<a href=\"https:\/\/www.beach-pharmacy.com\/agb\/\">AGB<\/a>)<br \/>\nAll information without guarantee on correctness and completeness.<br \/>\n\u00a9 Alle rights for photos and texts: MFKey GmbH<\/p>\n<\/div>\n<p><\/p><\/div><\/div>[\/vc_column][vc_column width=\u00a0\u00bb1\/2&Prime;][vc_custom_heading text=\u00a0\u00bbContact\u00a0\u00bb use_theme_fonts=\u00a0\u00bbyes\u00a0\u00bb][vc_column_text css=\u00a0\u00bb.vc_custom_1716560365095{margin-bottom: 0px !important;}\u00a0\u00bb][fc id=&rsquo;8&prime;][\/fc][\/vc_column_text][\/vc_column][\/vc_row][vc_row full_width=\u00a0\u00bbstretch_row_content_no_spaces\u00a0\u00bb css=\u00a0\u00bb.vc_custom_1718020928398{border-radius: 5px !important;}\u00a0\u00bb][vc_column]<script>(function($, window) {$(document).ready(function($) {function google_maps_6a06f2a42798e(){var latlng = new google.maps.LatLng(47.426051,8.545586);var myOptions = {zoom                : 15,center              : latlng,mapTypeId           : google.maps.MapTypeId.ROADMAP,styles  : [{\"elementType\":\"geometry\",\"stylers\":[{\"hue\":\"#ff4400\"},{\"saturation\":-68},{\"lightness\":-4},{\"gamma\":0.72}]},{\"featureType\":\"road\",\"elementType\":\"labels.icon\"},{\"featureType\":\"landscape.man_made\",\"elementType\":\"geometry\",\"stylers\":[{\"hue\":\"#0077ff\"},{\"gamma\":3.1}]},{\"featureType\":\"water\",\"stylers\":[{\"hue\":\"#00ccff\"},{\"gamma\":0.44},{\"saturation\":-33}]},{\"featureType\":\"poi.park\",\"stylers\":[{\"hue\":\"#44ff00\"},{\"saturation\":-23}]},{\"featureType\":\"water\",\"elementType\":\"labels.text.fill\",\"stylers\":[{\"hue\":\"#007fff\"},{\"gamma\":0.77},{\"saturation\":65},{\"lightness\":99}]},{\"featureType\":\"water\",\"elementType\":\"labels.text.stroke\",\"stylers\":[{\"gamma\":0.11},{\"weight\":5.6},{\"saturation\":99},{\"hue\":\"#0091ff\"},{\"lightness\":-86}]},{\"featureType\":\"transit.line\",\"elementType\":\"geometry\",\"stylers\":[{\"lightness\":-48},{\"hue\":\"#ff5e00\"},{\"gamma\":1.2},{\"saturation\":-23}]},{\"featureType\":\"transit\",\"elementType\":\"labels.text.stroke\",\"stylers\":[{\"saturation\":-64},{\"hue\":\"#ff9100\"},{\"lightness\":16},{\"gamma\":0.47},{\"weight\":2.7}]}],zoomControl         : false,mapTypeControl      : false,streetViewControl   : false,scrollwheel         : false};var map = new google.maps.Map(document.getElementById(\"google-map-area-6a06f2a42798e\"), myOptions);var marker = new google.maps.Marker({position            : latlng,map                 : map});}google_maps_6a06f2a42798e();var button     = $(\"#gMapTrigger_6a06f2a42798e\");var button_txt = $(\"#gMapTrigger_6a06f2a42798e span\");$(\"#gMapWrapper_6a06f2a42798e\").on(\"hidden.bs.collapse\", function () {button_txt.data(\"text-original\", button_txt.text());button_txt.text(button.data(\"text-swap\"));});$(\"#gMapWrapper_6a06f2a42798e\").on(\"shown.bs.collapse\", function () {button_txt.data(\"text-swap\", button.text());button_txt.text(button_txt.data(\"text-original\"));});});})(jQuery, window);<\/script>\n<div class=\"google-map-wrapper no_border\" id=\"gmapHolder_6a06f2a42798e\"><div class=\"hr-scroll-bottom\"><a data-toggle=\"collapse\" data-parent=\"#gmapHolder_6a06f2a42798e\" href=\"#gMapWrapper_6a06f2a42798e\" aria-expanded=\"true\" aria-controls=\"gMapWrapper_6a06f2a42798e\" id=\"gMapTrigger_6a06f2a42798e\" data-text-swap=\"\"><span><\/span><\/a><\/div><div class=\"google-map-inner-wrapper google-map-shap-wave-top collapse in\" id=\"gMapWrapper_6a06f2a42798e\"><div class=\"google-map\" id=\"google-map-area-6a06f2a42798e\" style=\"width:100%; height:400px;\">&nbsp;<\/div><\/div><\/div>\n[\/vc_column][\/vc_row]<\/p>\n<\/div>","protected":false},"excerpt":{"rendered":"<p>[vc_row full_width=\u00a0\u00bbstretch_row\u00a0\u00bb content_placement=\u00a0\u00bbtop\u00a0\u00bb parallax=\u00a0\u00bbcontent-moving\u00a0\u00bb parallax_image=\u00a0\u00bb3552&Prime; section=\u00a0\u00bbdefault\u00a0\u00bb css=\u00a0\u00bb.vc_custom_1612174190005{background-image: url(https:\/\/www.beach-pharmacy.com\/wp-content\/uploads\/2016\/08\/Fotolia_30576966_Subscription_Monthly_M.jpg?id=3552) !important;}\u00a0\u00bb][vc_column][vc_custom_heading text=\u00a0\u00bbM\u00c9DUSE, QUI ES-TU ?\u00a0\u00bb font_container=\u00a0\u00bbtag:h2|text_align:center|color:%23ffffff\u00a0\u00bb use_theme_fonts=\u00a0\u00bbyes\u00a0\u00bb css=\u00a0\u00bb.vc_custom_1720490954232{padding-bottom: 10px !important;}\u00a0\u00bb][vc_column_text css=\u00a0\u00bb\u00a0\u00bb] Ensemble de plage anti-m\u00e9duses \u2013 Le premier produit cosm\u00e9tique de plage au monde pour des soins imm\u00e9diats et fiables de la peau apr\u00e8s un contact avec une m\u00e9duse [\/vc_column_text][vc_empty_space height=\u00a0\u00bb5px\u00a0\u00bb][\/vc_column][\/vc_row][vc_row][vc_column width=\u00a0\u00bb1\/2&Prime;][\/vc_column][vc_column width=\u00a0\u00bb1\/2&Prime;][vc_custom_heading text=\u00a0\u00bbContact\u00a0\u00bb use_theme_fonts=\u00a0\u00bbyes\u00a0\u00bb][vc_column_text css=\u00a0\u00bb.vc_custom_1716560365095{margin-bottom: 0px !important;}\u00a0\u00bb][fc id=&rsquo;8&prime;][\/fc][\/vc_column_text][\/vc_column][\/vc_row][vc_row full_width=\u00a0\u00bbstretch_row_content_no_spaces\u00a0\u00bb css=\u00a0\u00bb.vc_custom_1718020928398{border-radius: 5px !important;}\u00a0\u00bb][vc_column][\/vc_column][\/vc_row]<\/p>\n","protected":false},"author":1,"featured_media":0,"parent":0,"menu_order":0,"comment_status":"closed","ping_status":"closed","template":"","meta":{"footnotes":""},"yst_prominent_words":[177,69],"_links":{"self":[{"href":"https:\/\/www.beach-pharmacy.com\/fr\/wp-json\/wp\/v2\/pages\/4555"}],"collection":[{"href":"https:\/\/www.beach-pharmacy.com\/fr\/wp-json\/wp\/v2\/pages"}],"about":[{"href":"https:\/\/www.beach-pharmacy.com\/fr\/wp-json\/wp\/v2\/types\/page"}],"author":[{"embeddable":true,"href":"https:\/\/www.beach-pharmacy.com\/fr\/wp-json\/wp\/v2\/users\/1"}],"replies":[{"embeddable":true,"href":"https:\/\/www.beach-pharmacy.com\/fr\/wp-json\/wp\/v2\/comments?post=4555"}],"version-history":[{"count":16,"href":"https:\/\/www.beach-pharmacy.com\/fr\/wp-json\/wp\/v2\/pages\/4555\/revisions"}],"predecessor-version":[{"id":6254,"href":"https:\/\/www.beach-pharmacy.com\/fr\/wp-json\/wp\/v2\/pages\/4555\/revisions\/6254"}],"wp:attachment":[{"href":"https:\/\/www.beach-pharmacy.com\/fr\/wp-json\/wp\/v2\/media?parent=4555"}],"wp:term":[{"taxonomy":"yst_prominent_words","embeddable":true,"href":"https:\/\/www.beach-pharmacy.com\/fr\/wp-json\/wp\/v2\/yst_prominent_words?post=4555"}],"curies":[{"name":"wp","href":"https:\/\/api.w.org\/{rel}","templated":true}]}}