{"id":4251,"date":"2021-01-08T01:15:12","date_gmt":"2021-01-08T00:15:12","guid":{"rendered":"https:\/\/new.beach-pharmacy.com\/?page_id=4251&#038;lang=fr"},"modified":"2024-07-12T07:09:07","modified_gmt":"2024-07-12T06:09:07","slug":"home","status":"publish","type":"page","link":"https:\/\/www.beach-pharmacy.com\/fr\/home\/","title":{"rendered":"Home"},"content":{"rendered":"<div class=\"wpb-content-wrapper\"><p>[vc_section el_id=\u00a0\u00bbsection-features\u00a0\u00bb][vc_row full_width=\u00a0\u00bbstretch_row\u00a0\u00bb seperator_enable=\u00a0\u00bbseperator_enable_value\u00a0\u00bb seperator_type=\u00a0\u00bbxlarge_triangle_right_seperator\u00a0\u00bb seperator_position=\u00a0\u00bbbottom_seperator\u00a0\u00bb seperator_shape_background=\u00a0\u00bb#000000&Prime; css=\u00a0\u00bb.vc_custom_1718606142882{background-image: url(https:\/\/www.beach-pharmacy.com\/wp-content\/uploads\/2024\/06\/beach-bg02.jpg?id=5935) !important;background-position: center !important;background-repeat: no-repeat !important;background-size: cover !important;}\u00a0\u00bb el_class=\u00a0\u00bbimage-bg-01&Prime;][vc_column offset=\u00a0\u00bbvc_hidden-xs\u00a0\u00bb][vc_empty_space el_class=\u00a0\u00bbspace\u00a0\u00bb][vc_custom_heading text=\u00a0\u00bbKit plage M\u00e9duses\u00a0\u00bb font_container=\u00a0\u00bbtag:h1|text_align:center|color:%23a555ec\u00a0\u00bb use_theme_fonts=\u00a0\u00bbyes\u00a0\u00bb css=\u00a0\u00bb.vc_custom_1720763969692{margin-top: 35px !important;}\u00a0\u00bb][vc_column_text css=\u00a0\u00bb\u00a0\u00bb]<\/p>\n<h3 style=\"text-align: center;\"><span class=\"section-desc\" style=\"color: #a555ec;\">Beach Pharmacy<\/span><\/h3>\n<p>[\/vc_column_text][vc_empty_space height=\u00a0\u00bb52px\u00a0\u00bb el_class=\u00a0\u00bbspace\u00a0\u00bb][\/vc_column][\/vc_row][vc_row full_width=\u00a0\u00bbstretch_row\u00a0\u00bb css=\u00a0\u00bb.vc_custom_1720481920127{background-image: url(https:\/\/www.beach-pharmacy.com\/wp-content\/uploads\/2024\/06\/team-bg-01.jpg?id=6042) !important;background-position: center !important;background-repeat: no-repeat !important;background-size: cover !important;}\u00a0\u00bb el_class=\u00a0\u00bbimage-bg-01&Prime;][vc_column offset=\u00a0\u00bbvc_hidden-lg vc_hidden-md vc_hidden-sm\u00a0\u00bb]<div class=\" ubtn-ctn-center \"><a class=\"ubtn-link ult-adjust-bottom-margin ubtn-center ubtn-block \" href=\"https:\/\/www.beach-pharmacy.com\/fr\/produits\/\" title=\"Produkte\" ><button type=\"button\" id=\"ubtn-9864\"  class=\"ubtn ult-adjust-bottom-margin ult-responsive ubtn-block ubtn-no-hover-bg  none  ubtn-shd  ubtn-center  shd-bottom tooltip-6a06fc5b40112 ubtn-block\"  data-hover=\"\" data-border-color=\"\" data-bg=\"#8224e3\" data-hover-bg=\"\" data-border-hover=\"\" data-shadow-hover=\"0 5px #ffffff;\" data-shadow-click=\"none\" data-shadow=\"0 5px #ffffff;\" data-shd-shadow=\"5\"  data-ultimate-target='#ubtn-9864'  data-responsive-json-new='{\"font-size\":\"desktop:35px;\",\"line-height\":\"\"}'  style=\"font-weight:normal;border:none;box-shadow: 0 5px #ffffff;background: #8224e3;color: #ffffff;\"><span class=\"ubtn-hover\" style=\"background-color:\"><\/span><span class=\"ubtn-data ubtn-text \" >Voir les produits<\/span><\/button><\/a><\/div>[\/vc_column][\/vc_row][\/vc_section][vc_section full_width=\u00a0\u00bbstretch_row\u00a0\u00bb el_id=\u00a0\u00bbsection-how-it-works\u00a0\u00bb][vc_row full_width=\u00a0\u00bbstretch_row\u00a0\u00bb bg_type=\u00a0\u00bbbg_color\u00a0\u00bb seperator_enable=\u00a0\u00bbseperator_enable_value\u00a0\u00bb seperator_type=\u00a0\u00bbxlarge_triangle_right_seperator\u00a0\u00bb separator_enable=\u00a0\u00bbtrue\u00a0\u00bb separator_type=\u00a0\u00bbbig_triangle_right_svg_separator\u00a0\u00bb bg_color_value=\u00a0\u00bb#36274c\u00a0\u00bb css=\u00a0\u00bb.vc_custom_1718005698903{margin-top: -60px !important;}\u00a0\u00bb][vc_column css=\u00a0\u00bb.vc_custom_1609944336427{margin-top: 0px !important;padding-top: 0px !important;}\u00a0\u00bb][vc_empty_space height=\u00a0\u00bb80px\u00a0\u00bb][vc_custom_heading text=\u00a0\u00bbM\u00c9DUSE &#8211; QUI ES-TU? \u00a0\u00bb font_container=\u00a0\u00bbtag:h1|text_align:center|color:%23ffffff\u00a0\u00bb use_theme_fonts=\u00a0\u00bbyes\u00a0\u00bb css=\u00a0\u00bb\u00a0\u00bb el_class=\u00a0\u00bbtitle-mobile\u00a0\u00bb]<div id=\"uvc-type-wrap-1080\"  data-ultimate-target='#uvc-type-wrap-1080'  data-responsive-json-new='{\"font-size\":\"desktop:50px;\",\"line-height\":\"\"}'  class=\"uvc-type-wrap  ult-adjust-bottom-margin ult-responsive  uvc-type-align-center  uvc-wrap-17889046566a06fc5b401a0\" style=\"font-weight:normal;text-align:center;\"><span  data-ultimate-target='#uvc-type-wrap-1080 .mycustfancy'  data-responsive-json-new='{\"font-size\":\"desktop:50px;\",\"line-height\":\"\"}'  class=\"ultimate-typewriter-prefix mycustfancy ult-responsive\" style=\"font-weight:normal;color:#ffffff; text-transform: unset;\">M\u00c9DUSE -<\/span><span id=\"typed-17889046566a06fc5b401a0\" class=\"ultimate-typed-main \" style=\"color:#ffffff; text-transform: unset;\"><\/span><script type=\"text\/javascript\"> \r\n\t\t\t\t\t\tjQuery(function($){ \r\n\t\t\t\t\t\t\t$(document).ready(function(){\r\n\t\t\t\t\t\t\t\tif( typeof jQuery(\"#typed-17889046566a06fc5b401a0\").typed == \"function\"){\r\n\t\t\t\t\t\t\t\t\t$(\"#typed-17889046566a06fc5b401a0\").typed({\r\n\t\t\t\t\t\t\t\t\t\tstrings: [\"QUI ES-TU?\"],\r\n\t\t\t\t\t\t\t\t\t\ttypeSpeed: 40,\r\n\t\t\t\t\t\t\t\t\t\tbackSpeed: 0,\r\n\t\t\t\t\t\t\t\t\t\tstartDelay: 500,\r\n\t\t\t\t\t\t\t\t\t\tbackDelay: 1500,\r\n\t\t\t\t\t\t\t\t\t\tloop: false,\r\n\t\t\t\t\t\t\t\t\t\tloopCount: false,\r\n\t\t\t\t\t\t\t\t\t\tshowCursor: true,\r\n\t\t\t\t\t\t\t\t\t\tcursorChar: \"|\",\r\n\t\t\t\t\t\t\t\t\t\tattr: null\r\n\t\t\t\t\t\t\t\t\t});\r\n\t\t\t\t\t\t\t\t}\r\n\t\t\t\t\t\t\t});\r\n\t\t\t\t\t\t});\r\n\t\t\t\t\t<\/script><\/div>[vc_row_inner css=\u00a0\u00bb.vc_custom_1717750633392{margin-bottom: 0px !important;}\u00a0\u00bb][vc_column_inner][vc_custom_heading text=\u00a0\u00bbZones \u00e0 haut risque\u00a0\u00bb font_container=\u00a0\u00bbtag:h2|text_align:left|color:%23ffffff\u00a0\u00bb use_theme_fonts=\u00a0\u00bbyes\u00a0\u00bb css=\u00a0\u00bb\u00a0\u00bb]<div style=\"width:;\" class=\"cqtooltip-wrapper \" data-opacity=\"1\" data-tooltipanimation=\"grow\" data-tooltipstyle=\"shadow\" data-trigger=\"\" data-maxwidth=\"240\" data-marginoffset=\"\" data-isdisplayall=\"off\" data-displayednum=\"1\"><img decoding=\"async\" src=\"https:\/\/www.beach-pharmacy.com\/wp-content\/uploads\/2024\/06\/quallenpopulation2.jpg\" alt=\"\" \/><div class=\"cq-hotspots\"><div class=\"hotspot-item pulse-white \" style=\"top:52%;left:20%;\" data-top=\"52%\" data-left=\"20%\"><a href=\"#\" class=\"cq-tooltip\" style=\"background:rgba(221,0,0,0.8);\" data-tooltip=\"\nLes m\u00e9duses sont des pr\u00e9dateurs et se nourrissent de plancton et de petits poissons. Lorsque leurs tentacules entrent en contact avec quelque chose, les cellules urticantes qu&amp;rsquo;ils contiennent lib\u00e8rent une structure appel\u00e9e n\u00e9matocyste, qui perce la couche externe de la peau et lib\u00e8re une s\u00e9cr\u00e9tion toxique. Les petits poissons sont tu\u00e9s par la toxine, tandis que chez les humains, elle provoque de la douleur, des rougeurs cutan\u00e9es ou des \u00e9ruptions cutan\u00e9es qui d\u00e9mangent avec gonflement ou formation de cloques.&lt;br \/&gt;\n&lt;\/p&gt;\n&lt;p&gt;\" data-arrowposition=\"\"><span style=\"background:#ffffff;\"><\/span><\/a><\/div><div class=\"hotspot-item pulse-white \" style=\"top:42%;left:37%;\" data-top=\"42%\" data-left=\"37%\"><a href=\"#\" class=\"cq-tooltip\" style=\"background:rgba(221,0,0,0.8);\" data-tooltip=\"\nUne m\u00e9duse est compos\u00e9e \u00e0 95 % d&amp;rsquo;eau. Parmi les cinq classes\u2014Anthozoa, Stauromedusae ou Staurozoa, Cubozoa, Scyphozoa et Hydrozoa\u2014jusqu&amp;rsquo;\u00e0 5 000 esp\u00e8ces sont connues aujourd&amp;rsquo;hui.&lt;\/p&gt;\n&lt;p&gt;&lt;\/p&gt;\n&lt;p&gt;\" data-arrowposition=\"top\"><span style=\"background:#ffffff;\"><\/span><\/a><\/div><div class=\"hotspot-item pulse-white \" style=\"top:57%;left:54%;\" data-top=\"57%\" data-left=\"54%\"><a href=\"#\" class=\"cq-tooltip\" style=\"background:rgba(221,0,0,0.8);\" data-tooltip=\"\nLa plus petite m\u00e9duse a la taille d&amp;rsquo;un grain de riz, tandis que la plus grande a un diam\u00e8tre de deux m\u00e8tres. Les m\u00e9duses sont des pr\u00e9dateurs et des comp\u00e9titeurs pour la nourriture avec les poissons. Les ennemis naturels des m\u00e9duses comprennent les poissons et les tortues.\" data-arrowposition=\"top\"><span style=\"background:#ffffff;\"><\/span><\/a><\/div><\/div><\/div>[\/vc_column_inner][\/vc_row_inner][vc_empty_space height=\u00a0\u00bb10px\u00a0\u00bb][vc_column_text css=\u00a0\u00bb.vc_custom_1720484885888{margin-top: 10px !important;}\u00a0\u00bb]<span style=\"color: #ffffff; font-size: 20px;\">L&rsquo;\u00e9volution de la population des m\u00e9duses depuis 1950.<\/span>[\/vc_column_text]<div class=\"progress_bars\"><ul class=\"bars_list\"><ul class=\"pb-desc\"><li><h6>Europe<span class=\"label\">85<em>%<\/em><\/span><\/h6><div class=\"bar\" style=\"height:30px\"><span class=\"progress\" style=\"width:85%;\"><\/span><\/div><\/li>\n<br \/>\n<li><h6>Asie<span class=\"label\">70<em>%<\/em><\/span><\/h6><div class=\"bar\" style=\"height:30px\"><span class=\"progress\" style=\"width:70%;\"><\/span><\/div><\/li>\n<br \/>\n<li><h6>Am\u00e9rique du Nord<span class=\"label\">60<em>%<\/em><\/span><\/h6><div class=\"bar\" style=\"height:30px\"><span class=\"progress\" style=\"width:60%;\"><\/span><\/div><\/li>\n<br \/>\n<li><h6>Am\u00e9rique du Sud<span class=\"label\">50<em>%<\/em><\/span><\/h6><div class=\"bar\" style=\"height:30px\"><span class=\"progress\" style=\"width:50%;\"><\/span><\/div><\/li>\n<\/ul><\/ul><\/div>\n[vc_column_text css=\u00a0\u00bb\u00a0\u00bb]<span style=\"color: #ffffff; font-size: 20px;\">En raison du r\u00e9chauffement climatique et de la surp\u00eache des oc\u00e9ans, de plus en plus de m\u00e9duses apparaissent dans des r\u00e9gions o\u00f9 elles n&rsquo;\u00e9taient pas originellement pr\u00e9sentes&#8230;<\/span>[\/vc_column_text][vc_row_inner][vc_column_inner css=\u00a0\u00bb.vc_custom_1720480703198{padding-top: 0px !important;}\u00a0\u00bb][vc_custom_heading text=\u00a0\u00bbLaissez-vous envo\u00fbter par la beaut\u00e9 des m\u00e9duses, tout en vous prot\u00e9geant ainsi que vos proches \u00e0 l\u2019aide de notre Kit plage M\u00e9duses. Munissez-vous de cet indispensable \u00e0 chaque s\u00e9jour \u00e0 la mer !\u00a0\u00bb font_container=\u00a0\u00bbtag:h2|font_size:26px|text_align:left|color:%23ffffff|line_height:35px\u00a0\u00bb use_theme_fonts=\u00a0\u00bbyes\u00a0\u00bb css=\u00a0\u00bb.vc_custom_1720764529434{margin-bottom: 0px !important;padding-top: 10px !important;padding-right: 20px !important;padding-bottom: 10px !important;padding-left: 20px !important;background-color: #a555ec !important;border-radius: 5px !important;}\u00a0\u00bb][\/vc_column_inner][\/vc_row_inner]<div class=\"cq-buttoncontainer  \"><div class=\"animatetype-4\"><div><a href=\"https:\/\/www.beach-pharmacy.com\/fr\/produits\/\" title=\"Produkte\" target=\"\" style=\"color:#ffffff;background-color:#8224e3;\" class=\"btn cqbtn-1\"><span class=\"txt\">Pr\u00eats pour des vacances \u00e0 la mer inoubliables ? Acheter maintenant !<\/span><span class=\"round\"><i style=\"margin-top:-9px;margin-left:-9px;\" class=\"fa fa-arrow-right\"><\/i><\/span><\/a><\/div><\/div><\/div>[\/vc_column][\/vc_row][\/vc_section]<\/p>\n<\/div>","protected":false},"excerpt":{"rendered":"<p>[vc_section el_id=\u00a0\u00bbsection-features\u00a0\u00bb][vc_row full_width=\u00a0\u00bbstretch_row\u00a0\u00bb seperator_enable=\u00a0\u00bbseperator_enable_value\u00a0\u00bb seperator_type=\u00a0\u00bbxlarge_triangle_right_seperator\u00a0\u00bb seperator_position=\u00a0\u00bbbottom_seperator\u00a0\u00bb seperator_shape_background=\u00a0\u00bb#000000&Prime; css=\u00a0\u00bb.vc_custom_1718606142882{background-image: url(https:\/\/www.beach-pharmacy.com\/wp-content\/uploads\/2024\/06\/beach-bg02.jpg?id=5935) !important;background-position: center !important;background-repeat: no-repeat !important;background-size: cover !important;}\u00a0\u00bb el_class=\u00a0\u00bbimage-bg-01&Prime;][vc_column offset=\u00a0\u00bbvc_hidden-xs\u00a0\u00bb][vc_empty_space el_class=\u00a0\u00bbspace\u00a0\u00bb][vc_custom_heading text=\u00a0\u00bbKit plage M\u00e9duses\u00a0\u00bb font_container=\u00a0\u00bbtag:h1|text_align:center|color:%23a555ec\u00a0\u00bb use_theme_fonts=\u00a0\u00bbyes\u00a0\u00bb css=\u00a0\u00bb.vc_custom_1720763969692{margin-top: 35px !important;}\u00a0\u00bb][vc_column_text css=\u00a0\u00bb\u00a0\u00bb] Beach Pharmacy [\/vc_column_text][vc_empty_space height=\u00a0\u00bb52px\u00a0\u00bb el_class=\u00a0\u00bbspace\u00a0\u00bb][\/vc_column][\/vc_row][vc_row full_width=\u00a0\u00bbstretch_row\u00a0\u00bb css=\u00a0\u00bb.vc_custom_1720481920127{background-image: url(https:\/\/www.beach-pharmacy.com\/wp-content\/uploads\/2024\/06\/team-bg-01.jpg?id=6042) !important;background-position: center !important;background-repeat: no-repeat !important;background-size: cover !important;}\u00a0\u00bb el_class=\u00a0\u00bbimage-bg-01&Prime;][vc_column offset=\u00a0\u00bbvc_hidden-lg vc_hidden-md vc_hidden-sm\u00a0\u00bb][\/vc_column][\/vc_row][\/vc_section][vc_section full_width=\u00a0\u00bbstretch_row\u00a0\u00bb el_id=\u00a0\u00bbsection-how-it-works\u00a0\u00bb][vc_row full_width=\u00a0\u00bbstretch_row\u00a0\u00bb bg_type=\u00a0\u00bbbg_color\u00a0\u00bb seperator_enable=\u00a0\u00bbseperator_enable_value\u00a0\u00bb seperator_type=\u00a0\u00bbxlarge_triangle_right_seperator\u00a0\u00bb separator_enable=\u00a0\u00bbtrue\u00a0\u00bb separator_type=\u00a0\u00bbbig_triangle_right_svg_separator\u00a0\u00bb bg_color_value=\u00a0\u00bb#36274c\u00a0\u00bb css=\u00a0\u00bb.vc_custom_1718005698903{margin-top: -60px !important;}\u00a0\u00bb][vc_column css=\u00a0\u00bb.vc_custom_1609944336427{margin-top: 0px !important;padding-top: 0px !important;}\u00a0\u00bb][vc_empty_space height=\u00a0\u00bb80px\u00a0\u00bb][vc_custom_heading text=\u00a0\u00bbM\u00c9DUSE &#8211; QUI ES-TU? \u00a0\u00bb font_container=\u00a0\u00bbtag:h1|text_align:center|color:%23ffffff\u00a0\u00bb use_theme_fonts=\u00a0\u00bbyes\u00a0\u00bb css=\u00a0\u00bb\u00a0\u00bb el_class=\u00a0\u00bbtitle-mobile\u00a0\u00bb][vc_row_inner css=\u00a0\u00bb.vc_custom_1717750633392{margin-bottom: 0px !important;}\u00a0\u00bb][vc_column_inner][vc_custom_heading text=\u00a0\u00bbZones \u00e0 haut risque\u00a0\u00bb font_container=\u00a0\u00bbtag:h2|text_align:left|color:%23ffffff\u00a0\u00bb use_theme_fonts=\u00a0\u00bbyes\u00a0\u00bb css=\u00a0\u00bb\u00a0\u00bb][\/vc_column_inner][\/vc_row_inner][vc_empty_space height=\u00a0\u00bb10px\u00a0\u00bb][vc_column_text css=\u00a0\u00bb.vc_custom_1720484885888{margin-top: 10px !important;}\u00a0\u00bb]L&rsquo;\u00e9volution de la population des m\u00e9duses depuis 1950.[\/vc_column_text][vc_column_text css=\u00a0\u00bb\u00a0\u00bb]En raison du r\u00e9chauffement climatique<span class=\"excerpt-hellip\"> [\u2026]<\/span><\/p>\n","protected":false},"author":1,"featured_media":0,"parent":0,"menu_order":0,"comment_status":"closed","ping_status":"closed","template":"","meta":{"footnotes":""},"yst_prominent_words":[],"_links":{"self":[{"href":"https:\/\/www.beach-pharmacy.com\/fr\/wp-json\/wp\/v2\/pages\/4251"}],"collection":[{"href":"https:\/\/www.beach-pharmacy.com\/fr\/wp-json\/wp\/v2\/pages"}],"about":[{"href":"https:\/\/www.beach-pharmacy.com\/fr\/wp-json\/wp\/v2\/types\/page"}],"author":[{"embeddable":true,"href":"https:\/\/www.beach-pharmacy.com\/fr\/wp-json\/wp\/v2\/users\/1"}],"replies":[{"embeddable":true,"href":"https:\/\/www.beach-pharmacy.com\/fr\/wp-json\/wp\/v2\/comments?post=4251"}],"version-history":[{"count":54,"href":"https:\/\/www.beach-pharmacy.com\/fr\/wp-json\/wp\/v2\/pages\/4251\/revisions"}],"predecessor-version":[{"id":6332,"href":"https:\/\/www.beach-pharmacy.com\/fr\/wp-json\/wp\/v2\/pages\/4251\/revisions\/6332"}],"wp:attachment":[{"href":"https:\/\/www.beach-pharmacy.com\/fr\/wp-json\/wp\/v2\/media?parent=4251"}],"wp:term":[{"taxonomy":"yst_prominent_words","embeddable":true,"href":"https:\/\/www.beach-pharmacy.com\/fr\/wp-json\/wp\/v2\/yst_prominent_words?post=4251"}],"curies":[{"name":"wp","href":"https:\/\/api.w.org\/{rel}","templated":true}]}}