{"id":6294,"date":"2024-07-09T13:00:22","date_gmt":"2024-07-09T12:00:22","guid":{"rendered":"https:\/\/www.beach-pharmacy.com\/?page_id=6294"},"modified":"2024-07-09T13:36:16","modified_gmt":"2024-07-09T12:36:16","slug":"disclaimer","status":"publish","type":"page","link":"https:\/\/www.beach-pharmacy.com\/de\/disclaimer\/","title":{"rendered":"Disclaimer"},"content":{"rendered":"<div class=\"wpb-content-wrapper\"><p>[vc_row][vc_column][vc_icon icon_fontawesome=&#8220;fas fa-file&#8220; color=&#8220;custom&#8220; size=&#8220;lg&#8220; align=&#8220;center&#8220; css=&#8220;&#8220; custom_color=&#8220;#a555ec&#8220;][vc_column_text css=&#8220;&#8220;]<\/p>\n<div class=\"flex-shrink-0 flex flex-col relative items-end\">\n<div>\n<div class=\"pt-0.5 juice:pt-0\">\n<div class=\"gizmo-bot-avatar flex h-6 w-6 items-center justify-center overflow-hidden rounded-full juice:h-8 juice:w-8\">\n<div class=\"relative p-1 rounded-sm flex items-center justify-center bg-token-main-surface-primary text-token-text-primary h-8 w-8\">DISCLAIMER \/ RECHTLICHE INFORMATIONEN<\/div>\n<\/div>\n<\/div>\n<\/div>\n<\/div>\n<p><img loading=\"lazy\" decoding=\"async\" class=\"alignnone wp-image-3808\" src=\"https:\/\/www.beach-pharmacy.com\/wp-content\/uploads\/2016\/08\/MFK_Logo-1.png\" alt=\"\" width=\"208\" height=\"54\" \/><br \/>\nAusserdorfstrasse 12 F<br \/>\nCH-8052 Z\u00fcrich \/ Switzerland<\/p>\n<p>\u00a9 2021 by MFKey GmbH \u2013 All rights reserved<\/p>\n<p>&nbsp;<\/p>\n<h4>Kein bindendes Angebot<\/h4>\n<p>Grunds\u00e4tzlich ist kein Element auf der Website der MFKey GmbH ein bindendes Angebot an eine Besucherin oder einen Besucher der Website. Wenn MFKey GmbH eine Einladung zur Offertstellung oder ausnahmsweise ein bindendes Angebot \u00fcber die Website machen will, so erkl\u00e4rt MFKey GmbH dies klar und unmissverst\u00e4ndlich. Bestehen diesbez\u00fcglich Zweifel, so muss die Besucherin oder der Besucher davon ausgehen, dass MFKey GmbH kein bindendes Angebot machen will.<\/p>\n<h4>Haftung<\/h4>\n<p>MFKey GmbH lehnt jegliche Haftung f\u00fcr Informationen, die von oder \u00fcber die Website von MFKey GmbH abrufbar sind, ab. Davon ausgenommen sind nur Informationen, die mit einem entsprechenden Vermerk betreffend der Urheberschaft von MFKey GmbH gekennzeichnet sind oder offensichtlich von MFKey GmbH stammen. MFKey GmbH \u00fcbt keine Kontrolle \u00fcber Informationen aus, die insbesondere auf externen Servern, auf Servern mit Publikumszugang, Usenet Newsservern, Diskussionsforen, Chatr\u00e4umen usw. gespeichert sind. Die auf der Website von MFKey GmbH enthaltenen Informationen k\u00f6nnen jederzeit \u00e4ndern. MFKey GmbH kann weder zusichern, dass diese Informationen vollst\u00e4ndig noch dass sie aktuell sind. Ihre Verwendung erfolgt auf das Risiko der Besucherinnen und Besucher.<\/p>\n<h4>Urheberrecht<\/h4>\n<p>Es ist davon auszugehen, dass die \u00fcber die Website von MFKey GmbH abrufbaren Informationen urheberrechtlich gesch\u00fctzt sind und deren gewerbliche Nutzung nur mit Zustimmung des Urhebers und gegen Verg\u00fctung erlaubt ist.[\/vc_column_text][\/vc_column][\/vc_row]<\/p>\n<\/div>","protected":false},"excerpt":{"rendered":"<p>[vc_row][vc_column][vc_icon icon_fontawesome=&#8220;fas fa-file&#8220; color=&#8220;custom&#8220; size=&#8220;lg&#8220; align=&#8220;center&#8220; css=&#8220;&#8220; custom_color=&#8220;#a555ec&#8220;][vc_column_text css=&#8220;&#8220;] DISCLAIMER \/ RECHTLICHE INFORMATIONEN Ausserdorfstrasse 12 F CH-8052 Z\u00fcrich \/ Switzerland \u00a9 2021 by MFKey GmbH \u2013 All rights reserved &nbsp; Kein bindendes Angebot Grunds\u00e4tzlich ist kein Element auf der Website der MFKey GmbH ein bindendes Angebot an eine Besucherin oder einen Besucher der Website. Wenn MFKey GmbH eine Einladung zur Offertstellung oder ausnahmsweise ein bindendes Angebot \u00fcber die Website machen will, so erkl\u00e4rt MFKey GmbH dies klar und unmissverst\u00e4ndlich. Bestehen diesbez\u00fcglich Zweifel, so muss die Besucherin oder der Besucher davon ausgehen, dass MFKey GmbH kein bindendes Angebot machen will. Haftung<span class=\"excerpt-hellip\"> [\u2026]<\/span><\/p>\n","protected":false},"author":1,"featured_media":0,"parent":0,"menu_order":0,"comment_status":"closed","ping_status":"closed","template":"","meta":{"footnotes":""},"yst_prominent_words":[],"_links":{"self":[{"href":"https:\/\/www.beach-pharmacy.com\/de\/wp-json\/wp\/v2\/pages\/6294"}],"collection":[{"href":"https:\/\/www.beach-pharmacy.com\/de\/wp-json\/wp\/v2\/pages"}],"about":[{"href":"https:\/\/www.beach-pharmacy.com\/de\/wp-json\/wp\/v2\/types\/page"}],"author":[{"embeddable":true,"href":"https:\/\/www.beach-pharmacy.com\/de\/wp-json\/wp\/v2\/users\/1"}],"replies":[{"embeddable":true,"href":"https:\/\/www.beach-pharmacy.com\/de\/wp-json\/wp\/v2\/comments?post=6294"}],"version-history":[{"count":2,"href":"https:\/\/www.beach-pharmacy.com\/de\/wp-json\/wp\/v2\/pages\/6294\/revisions"}],"predecessor-version":[{"id":6317,"href":"https:\/\/www.beach-pharmacy.com\/de\/wp-json\/wp\/v2\/pages\/6294\/revisions\/6317"}],"wp:attachment":[{"href":"https:\/\/www.beach-pharmacy.com\/de\/wp-json\/wp\/v2\/media?parent=6294"}],"wp:term":[{"taxonomy":"yst_prominent_words","embeddable":true,"href":"https:\/\/www.beach-pharmacy.com\/de\/wp-json\/wp\/v2\/yst_prominent_words?post=6294"}],"curies":[{"name":"wp","href":"https:\/\/api.w.org\/{rel}","templated":true}]}}