{"id":5763,"date":"2024-06-06T21:58:24","date_gmt":"2024-06-06T20:58:24","guid":{"rendered":"https:\/\/www.beach-pharmacy.com\/de\/?page_id=5763"},"modified":"2024-07-09T02:29:03","modified_gmt":"2024-07-09T01:29:03","slug":"produkte-2","status":"publish","type":"page","link":"https:\/\/www.beach-pharmacy.com\/de\/produkte-2\/","title":{"rendered":"Produkte"},"content":{"rendered":"<div class=\"wpb-content-wrapper\"><p>[vc_row][vc_column][vc_row_inner css=&#8220;.vc_custom_1718263792208{margin-bottom: 0px !important;}&#8220;][vc_column_inner el_class=&#8220;text-down&#8220; width=&#8220;7\/12&#8243; css=&#8220;.vc_custom_1717747426674{margin-top: -150px !important;}&#8220;][vc_column_text]<strong>Was ist das Quallen Strand Set?<\/strong><\/p>\n<p>Das Quallen Strand Set hat den Zweck nach Quallenkontakt oberfl\u00e4chlich auf der Haut aufliegende Nesselzellen mit einer Fl\u00fcssigkeit (Sea Acetum) zu neutralisieren und die Haut durch ein Gel (Sea Gel) zu k\u00fchlen zu pflegen[\/vc_column_text][vc_column_text]<strong>Wie funktioniert das Quallen Strand Set?<\/strong><\/p>\n<p>Bei Kontakt mit einer Qualle werden Nesselkapseln \u00fcbertragen, welche durch den umgebenden Schleim auf der Haut anhaften. Durch den Erstkontakt wird ein kleiner Teil der Nesselkapseln ausgel\u00f6st. Der in den Nesselkapseln enthaltene Stachel dringt in die Oberhaut ein und verursacht durch das freigesetzte Toxin schmerzhafte Beschwerden.<\/p>\n<p>Der Grossteil der Nesselkapseln bleibt intakt und liegt oberfl\u00e4chlich auf. Durch die Benetzung mit der Sea Acetum-Fl\u00fcssigkeit werden diese verbliebenen intakten Nesselkapseln neutralisiert, sodass sie entfernt und weitere Verletzungen verringert werden k\u00f6nnen.[\/vc_column_text][\/vc_column_inner][vc_column_inner width=&#8220;5\/12&#8243;][\/vc_column_inner][\/vc_row_inner][\/vc_column][\/vc_row][vc_row][vc_column][vc_column_text]<strong>Wie wird das Quallen-Set angewendet?<\/strong><\/p>\n<p>Nach Kontakt mit einer Qualle das Wasser schnell verlassen und das Quallen-Set sofort anwenden:[\/vc_column_text][vc_row_inner gap=&#8220;10&#8243; css=&#8220;.vc_custom_1720488541110{margin-bottom: 0px !important;}&#8220;][vc_column_inner width=&#8220;1\/6&#8243;][vc_single_image image=&#8220;5817&#8243; img_size=&#8220;medium&#8220; css=&#8220;.vc_custom_1717747612658{margin-bottom: 0px !important;}&#8220;][\/vc_column_inner][vc_column_inner width=&#8220;1\/6&#8243;][vc_column_text]<span style=\"color: #d09cfa;\">Schritt 1:<\/span> Anlegen der Schutzhandschuhe (Abbildung 1), um bei der Anwendung Verletzungen der Hand durch ausl\u00f6sende Nesselkapseln zu verhindern.[\/vc_column_text][\/vc_column_inner][vc_column_inner width=&#8220;1\/6&#8243;][vc_single_image image=&#8220;5821&#8243; img_size=&#8220;full&#8220; css=&#8220;.vc_custom_1717747615886{margin-bottom: 0px !important;}&#8220;][\/vc_column_inner][vc_column_inner width=&#8220;1\/6&#8243;][vc_column_text]<span style=\"color: #d09cfa;\">Schritt 2:<\/span> Sea Acetum-Fl\u00fcssigkeit auf die auf der Haut aufliegenden Nesselkapseln aufspr\u00fchen. Einwirkzeit ca. 60 Sekunden, ggf. wiederholen (Abbildung 2).[\/vc_column_text][\/vc_column_inner][vc_column_inner width=&#8220;1\/6&#8243;][vc_single_image image=&#8220;5825&#8243; img_size=&#8220;full&#8220; css=&#8220;.vc_custom_1717747619291{margin-bottom: 0px !important;}&#8220;][\/vc_column_inner][vc_column_inner width=&#8220;1\/6&#8243;][vc_column_text]<span style=\"color: #d09cfa;\">Schritt 3:<\/span> Mit dem Schaber die anhaftenden Nesselkapseln im Winkel von ca. 30\u00b0 vorsichtig abschaben (Abbildung 3).[\/vc_column_text][\/vc_column_inner][\/vc_row_inner][vc_row_inner gap=&#8220;10&#8243;][vc_column_inner el_class=&#8220;box-padd&#8220; width=&#8220;1\/6&#8243;][\/vc_column_inner][vc_column_inner width=&#8220;1\/6&#8243;][vc_single_image image=&#8220;5829&#8243; img_size=&#8220;full&#8220; css=&#8220;.vc_custom_1717747623010{margin-bottom: 0px !important;}&#8220;][\/vc_column_inner][vc_column_inner width=&#8220;1\/6&#8243;][vc_column_text]<span style=\"color: #d09cfa;\">Schritt 4:<\/span> Sea Gel auftragen, welches eine beruhigende und entspannende Pflege der Hautregion bewirkt (Abbildung 4).[\/vc_column_text][\/vc_column_inner][vc_column_inner width=&#8220;1\/6&#8243;][vc_single_image image=&#8220;5833&#8243; img_size=&#8220;full&#8220; css=&#8220;.vc_custom_1717747626258{margin-bottom: 0px !important;}&#8220;][\/vc_column_inner][vc_column_inner width=&#8220;1\/6&#8243;][vc_column_text]<span style=\"color: #d09cfa;\">Schritt 5:<\/span> Es gilt die allgemeine Empfehlung nach Quallenkontakt einen Arzt aufzusuchen (Abbildung 5).[\/vc_column_text][\/vc_column_inner][vc_column_inner el_class=&#8220;box-padd&#8220; width=&#8220;1\/6&#8243;][\/vc_column_inner][\/vc_row_inner][\/vc_column][\/vc_row][vc_row][vc_column][vc_separator css=&#8220;.vc_custom_1718297295311{margin-top: 0px !important;margin-bottom: 0px !important;}&#8220;][vc_empty_space el_class=&#8220;space&#8220;][\/vc_column][\/vc_row][vc_row][vc_column][vc_row_inner gap=&#8220;10&#8243;][vc_column_inner width=&#8220;1\/6&#8243;][vc_single_image image=&#8220;5852&#8243; img_size=&#8220;full&#8220; css=&#8220;.vc_custom_1717711948164{margin-bottom: 0px !important;}&#8220;][vc_column_text css=&#8220;&#8220;]<\/p>\n<h5 style=\"text-align: center;\"><strong>Handschuh<\/strong><\/h5>\n<p>[\/vc_column_text][\/vc_column_inner][vc_column_inner width=&#8220;1\/6&#8243;][vc_single_image image=&#8220;5446&#8243; img_size=&#8220;full&#8220; css=&#8220;.vc_custom_1717711952512{margin-bottom: 0px !important;}&#8220;][vc_column_text css=&#8220;&#8220;]<\/p>\n<h5 style=\"text-align: center;\"><strong>Fl\u00fcssigkeit Sea Acetum<\/strong><\/h5>\n<p>[\/vc_column_text][\/vc_column_inner][vc_column_inner width=&#8220;1\/6&#8243;][vc_single_image image=&#8220;5442&#8243; img_size=&#8220;full&#8220; css=&#8220;.vc_custom_1717711958446{margin-bottom: 0px !important;}&#8220;][vc_column_text css=&#8220;&#8220;]<\/p>\n<h5 style=\"text-align: center;\"><strong>Schaber zum Entfernen <\/strong><strong>der aufliegenden Stacheln<\/strong><\/h5>\n<p>[\/vc_column_text][\/vc_column_inner][vc_column_inner width=&#8220;1\/6&#8243;][vc_single_image image=&#8220;5477&#8243; img_size=&#8220;full&#8220; css=&#8220;.vc_custom_1717711961937{margin-bottom: 0px !important;}&#8220;][vc_column_text css=&#8220;&#8220;]<\/p>\n<h5 style=\"text-align: center;\"><strong>K\u00fchlendes Sea Gel<\/strong><\/h5>\n<p>[\/vc_column_text][\/vc_column_inner][vc_column_inner width=&#8220;1\/6&#8243;][vc_single_image image=&#8220;5862&#8243; img_size=&#8220;full&#8220; css=&#8220;.vc_custom_1717711965539{margin-bottom: 0px !important;}&#8220;][vc_column_text css=&#8220;&#8220;]<\/p>\n<h5 style=\"text-align: center;\"><strong>Beipackzettel<\/strong><\/h5>\n<p>[\/vc_column_text][\/vc_column_inner][vc_column_inner width=&#8220;1\/6&#8243;][vc_single_image image=&#8220;5949&#8243; img_size=&#8220;full&#8220; css=&#8220;.vc_custom_1717972027882{margin-bottom: 0px !important;}&#8220;][vc_column_text css=&#8220;&#8220;]<\/p>\n<h5 style=\"text-align: center;\"><strong>Vorratsbox<\/strong><\/h5>\n<p>[\/vc_column_text][\/vc_column_inner][\/vc_row_inner][\/vc_column][\/vc_row]<\/p>\n<\/div>","protected":false},"excerpt":{"rendered":"<p>[vc_row][vc_column][vc_row_inner css=&#8220;.vc_custom_1718263792208{margin-bottom: 0px !important;}&#8220;][vc_column_inner el_class=&#8220;text-down&#8220; width=&#8220;7\/12&#8243; css=&#8220;.vc_custom_1717747426674{margin-top: -150px !important;}&#8220;][vc_column_text]Was ist das Quallen Strand Set? Das Quallen Strand Set hat den Zweck nach Quallenkontakt oberfl\u00e4chlich auf der Haut aufliegende Nesselzellen mit einer Fl\u00fcssigkeit (Sea Acetum) zu neutralisieren und die Haut durch ein Gel (Sea Gel) zu k\u00fchlen zu pflegen[\/vc_column_text][vc_column_text]Wie funktioniert das Quallen Strand Set? Bei Kontakt mit einer Qualle werden Nesselkapseln \u00fcbertragen, welche durch den umgebenden Schleim auf der Haut anhaften. Durch den Erstkontakt wird ein kleiner Teil der Nesselkapseln ausgel\u00f6st. Der in den Nesselkapseln enthaltene Stachel dringt in die Oberhaut ein und verursacht durch das freigesetzte Toxin schmerzhafte Beschwerden. Der<span class=\"excerpt-hellip\"> [\u2026]<\/span><\/p>\n","protected":false},"author":1,"featured_media":0,"parent":0,"menu_order":0,"comment_status":"closed","ping_status":"closed","template":"","meta":{"footnotes":""},"yst_prominent_words":[],"_links":{"self":[{"href":"https:\/\/www.beach-pharmacy.com\/de\/wp-json\/wp\/v2\/pages\/5763"}],"collection":[{"href":"https:\/\/www.beach-pharmacy.com\/de\/wp-json\/wp\/v2\/pages"}],"about":[{"href":"https:\/\/www.beach-pharmacy.com\/de\/wp-json\/wp\/v2\/types\/page"}],"author":[{"embeddable":true,"href":"https:\/\/www.beach-pharmacy.com\/de\/wp-json\/wp\/v2\/users\/1"}],"replies":[{"embeddable":true,"href":"https:\/\/www.beach-pharmacy.com\/de\/wp-json\/wp\/v2\/comments?post=5763"}],"version-history":[{"count":65,"href":"https:\/\/www.beach-pharmacy.com\/de\/wp-json\/wp\/v2\/pages\/5763\/revisions"}],"predecessor-version":[{"id":6210,"href":"https:\/\/www.beach-pharmacy.com\/de\/wp-json\/wp\/v2\/pages\/5763\/revisions\/6210"}],"wp:attachment":[{"href":"https:\/\/www.beach-pharmacy.com\/de\/wp-json\/wp\/v2\/media?parent=5763"}],"wp:term":[{"taxonomy":"yst_prominent_words","embeddable":true,"href":"https:\/\/www.beach-pharmacy.com\/de\/wp-json\/wp\/v2\/yst_prominent_words?post=5763"}],"curies":[{"name":"wp","href":"https:\/\/api.w.org\/{rel}","templated":true}]}}