{"id":3446,"date":"2016-08-21T01:14:12","date_gmt":"2016-08-21T01:14:12","guid":{"rendered":"http:\/\/www.beach-pharmacy.com\/?page_id=3446"},"modified":"2016-08-25T00:29:47","modified_gmt":"2016-08-25T00:29:47","slug":"aftersun-repair-gel","status":"publish","type":"page","link":"https:\/\/www.beach-pharmacy.com\/de\/aftersun-repair-gel\/","title":{"rendered":"AfterSun Repair Gel"},"content":{"rendered":"<div class=\"wpb-content-wrapper\"><p>[vc_row][vc_column][rocket_heading_icon]SOFORT HELFENDES UND STARK K\u00dcHLENDES PFLEGE-GEL[\/rocket_heading_icon][vc_custom_heading text=&#8220;Die ideale After-Sun-Pflege nach zu langem Sonnenbad!&#8220; font_container=&#8220;tag:h4|text_align:left&#8220; use_theme_fonts=&#8220;yes&#8220;][vc_row_inner][vc_column_inner width=&#8220;1\/2&#8243;][vc_single_image image=&#8220;3450&#8243; img_size=&#8220;365&#215;500&#8243; style=&#8220;vc_box_shadow_3d&#8220;][\/vc_column_inner][vc_column_inner width=&#8220;1\/2&#8243;][vc_single_image image=&#8220;3730&#8243; img_size=&#8220;365&#215;500&#8243; alignment=&#8220;right&#8220; style=&#8220;vc_box_shadow_3d&#8220;][\/vc_column_inner][\/vc_row_inner][vc_custom_heading text=&#8220;After Sun Repair Gel k\u00fchlt die Haut sofort. Der K\u00fchleffekt h\u00e4lt bis zu 8 Stunden. Das Sea Sun Repair Gel ist antiallergisch, ohne Parf\u00fcmstoffe und lindert den Schmerz bei Sonnenbrand sowie leichten Verbrennungen (z.B. durch heisses Wasser oder heisse gegenst\u00e4nde).&#8220; font_container=&#8220;tag:h5|text_align:left&#8220; use_theme_fonts=&#8220;yes&#8220;][\/vc_column][\/vc_row][vc_row full_width=&#8220;stretch_row&#8220; css=&#8220;.vc_custom_1435233845530{padding-top: 50px !important;padding-bottom: 50px !important;background-color: #f7f7f7 !important;}&#8220;][vc_column][vc_empty_space height=&#8220;15px&#8220;][vc_single_image image=&#8220;3734&#8243; img_size=&#8220;full&#8220; alignment=&#8220;center&#8220; style=&#8220;vc_box_shadow_3d&#8220;][\/vc_column][\/vc_row][vc_row][vc_column][vc_tta_tabs][vc_tta_section title=&#8220;Flyers&#8220; tab_id=&#8220;Flyers&#8220;][\/vc_tta_section][vc_tta_section title=&#8220;Downloads&#8220; tab_id=&#8220;Downloads&#8220;][vc_row_inner][vc_column_inner width=&#8220;1\/4&#8243;][vc_btn title=&#8220;MSDS MFKey After Sun Repair Gel&#8220; i_icon_fontawesome=&#8220;fa fa-cloud-download&#8220; link=&#8220;url:http%3A%2F%2Fwww.beach-pharmacy.com%2Fdownloads%2FMSDS_MFKey_After_Sun_RepairGel_E.pdf|title:MSDS%20MFKey%20After%20Sun%20Repair%20Gel|target:%20_blank&#8220; add_icon=&#8220;true&#8220;][\/vc_column_inner][vc_column_inner width=&#8220;1\/4&#8243;][\/vc_column_inner][vc_column_inner width=&#8220;1\/4&#8243;][vc_btn title=&#8220;MTPMFK201503 Kennzeichnung&#8220; i_icon_fontawesome=&#8220;fa fa-cloud-download&#8220; link=&#8220;url:http%3A%2F%2Fwww.beach-pharmacy.com%2Fdownloads%2FMTPMFK201503_Kennzeichnung_V3.pdf|title:MTPMFK201503_Kennzeichnung|target:%20_blank&#8220; add_icon=&#8220;true&#8220;][\/vc_column_inner][vc_column_inner width=&#8220;1\/4&#8243;][\/vc_column_inner][\/vc_row_inner][\/vc_tta_section][\/vc_tta_tabs][\/vc_column][\/vc_row]<\/p>\n<\/div>","protected":false},"excerpt":{"rendered":"<p>[vc_row][vc_column][rocket_heading_icon]SOFORT HELFENDES UND STARK K\u00dcHLENDES PFLEGE-GEL[\/rocket_heading_icon][vc_custom_heading text=&#8220;Die ideale After-Sun-Pflege nach zu langem Sonnenbad!&#8220; font_container=&#8220;tag:h4|text_align:left&#8220; use_theme_fonts=&#8220;yes&#8220;][vc_row_inner][vc_column_inner width=&#8220;1\/2&#8243;][vc_single_image image=&#8220;3450&#8243; img_size=&#8220;365&#215;500&#8243; style=&#8220;vc_box_shadow_3d&#8220;][\/vc_column_inner][vc_column_inner width=&#8220;1\/2&#8243;][vc_single_image image=&#8220;3730&#8243; img_size=&#8220;365&#215;500&#8243; alignment=&#8220;right&#8220; style=&#8220;vc_box_shadow_3d&#8220;][\/vc_column_inner][\/vc_row_inner][vc_custom_heading text=&#8220;After Sun Repair Gel k\u00fchlt die Haut sofort. Der K\u00fchleffekt h\u00e4lt bis zu 8 Stunden. Das Sea Sun Repair Gel ist antiallergisch, ohne Parf\u00fcmstoffe und lindert den Schmerz bei Sonnenbrand sowie leichten Verbrennungen (z.B. durch heisses Wasser oder heisse gegenst\u00e4nde).&#8220; font_container=&#8220;tag:h5|text_align:left&#8220; use_theme_fonts=&#8220;yes&#8220;][\/vc_column][\/vc_row][vc_row full_width=&#8220;stretch_row&#8220; css=&#8220;.vc_custom_1435233845530{padding-top: 50px !important;padding-bottom: 50px !important;background-color: #f7f7f7 !important;}&#8220;][vc_column][vc_empty_space height=&#8220;15px&#8220;][vc_single_image image=&#8220;3734&#8243; img_size=&#8220;full&#8220; alignment=&#8220;center&#8220; style=&#8220;vc_box_shadow_3d&#8220;][\/vc_column][\/vc_row][vc_row][vc_column][vc_tta_tabs][vc_tta_section title=&#8220;Flyers&#8220; tab_id=&#8220;Flyers&#8220;][\/vc_tta_section][vc_tta_section title=&#8220;Downloads&#8220; tab_id=&#8220;Downloads&#8220;][vc_row_inner][vc_column_inner width=&#8220;1\/4&#8243;][vc_btn title=&#8220;MSDS MFKey After Sun Repair Gel&#8220; i_icon_fontawesome=&#8220;fa fa-cloud-download&#8220; link=&#8220;url:http%3A%2F%2Fwww.beach-pharmacy.com%2Fdownloads%2FMSDS_MFKey_After_Sun_RepairGel_E.pdf|title:MSDS%20MFKey%20After%20Sun%20Repair%20Gel|target:%20_blank&#8220; add_icon=&#8220;true&#8220;][\/vc_column_inner][vc_column_inner width=&#8220;1\/4&#8243;][\/vc_column_inner][vc_column_inner width=&#8220;1\/4&#8243;][vc_btn title=&#8220;MTPMFK201503 Kennzeichnung&#8220; i_icon_fontawesome=&#8220;fa fa-cloud-download&#8220;<span class=\"excerpt-hellip\"> [\u2026]<\/span><\/p>\n","protected":false},"author":1,"featured_media":0,"parent":0,"menu_order":0,"comment_status":"closed","ping_status":"closed","template":"","meta":{"footnotes":""},"yst_prominent_words":[],"_links":{"self":[{"href":"https:\/\/www.beach-pharmacy.com\/de\/wp-json\/wp\/v2\/pages\/3446"}],"collection":[{"href":"https:\/\/www.beach-pharmacy.com\/de\/wp-json\/wp\/v2\/pages"}],"about":[{"href":"https:\/\/www.beach-pharmacy.com\/de\/wp-json\/wp\/v2\/types\/page"}],"author":[{"embeddable":true,"href":"https:\/\/www.beach-pharmacy.com\/de\/wp-json\/wp\/v2\/users\/1"}],"replies":[{"embeddable":true,"href":"https:\/\/www.beach-pharmacy.com\/de\/wp-json\/wp\/v2\/comments?post=3446"}],"version-history":[{"count":24,"href":"https:\/\/www.beach-pharmacy.com\/de\/wp-json\/wp\/v2\/pages\/3446\/revisions"}],"predecessor-version":[{"id":3742,"href":"https:\/\/www.beach-pharmacy.com\/de\/wp-json\/wp\/v2\/pages\/3446\/revisions\/3742"}],"wp:attachment":[{"href":"https:\/\/www.beach-pharmacy.com\/de\/wp-json\/wp\/v2\/media?parent=3446"}],"wp:term":[{"taxonomy":"yst_prominent_words","embeddable":true,"href":"https:\/\/www.beach-pharmacy.com\/de\/wp-json\/wp\/v2\/yst_prominent_words?post=3446"}],"curies":[{"name":"wp","href":"https:\/\/api.w.org\/{rel}","templated":true}]}}