{"id":3345,"date":"2016-08-18T20:54:13","date_gmt":"2016-08-18T20:54:13","guid":{"rendered":"http:\/\/www.beach-pharmacy.com\/?page_id=3345"},"modified":"2024-07-09T12:49:26","modified_gmt":"2024-07-09T11:49:26","slug":"agb","status":"publish","type":"page","link":"https:\/\/www.beach-pharmacy.com\/de\/agb\/","title":{"rendered":"Allgemeine Nutzungsbedinungen (AGB)"},"content":{"rendered":"<div class=\"wpb-content-wrapper\"><p>[vc_row][vc_column][vc_icon icon_fontawesome=&#8220;fas fa-balance-scale&#8220; color=&#8220;custom&#8220; size=&#8220;lg&#8220; align=&#8220;center&#8220; css=&#8220;&#8220; custom_color=&#8220;#a555ec&#8220;][vc_column_text]<strong>MFKey GmbH: ALLGEMEINE GESCH\u00c4FTSBEDINGUNGEN (AGB)<\/strong><\/p>\n<p><strong> 1. Geltung AGB<\/strong><br \/>\nDie MFKey GmbH erbringt alle Lieferungen ausschliesslich auf der Basis dieser allgemeinen Gesch\u00e4ftsbedingungen. Durch die Auftragserteilung erkl\u00e4rt sich der Besteller ausdr\u00fccklich mit diesen AGB einverstanden. Wir verweisen hiermit ausdr\u00fccklich darauf, dass keine AGB von Kunden akzeptiert werden. Im Fall von Abweichungen zwischen der deutschen und englischen Fassung hat die deutsche Fassung immer Vorrang. Diese bilden integrativen Bestandteil des Vertrages zwischen dem Besteller und der MFKey GmbH. Sie gelten f\u00fcr die Zustellung von Waren, die der Kunde per Online Shopping im Internet oder direkt bei der MFKey GmbH bestellt. \u201eBeach-Pharmacy\u201c ist ein eingetragener Markenname\/Trademark der MFKey GmbH.<\/p>\n<p><strong>2. Informationen auf der Website\/Angebot\/Preise<\/strong><br \/>\nMFKey ist stets bem\u00fcht, die Kunden \u00fcber die angebotenen Produkte und Dienstleistungen bestm\u00f6glich zu informieren und aufzukl\u00e4ren. Diese Informationen werden zum Teil direkt von den Herstellern bezogen und werden von der MFKey GmbH f\u00fcr die Kunden \u00fcbersichtlich und kundenfreundlich zusammengestellt.<\/p>\n<p>Alle Informationen auf www.mfkey.com bzw. www.beach-pharmacy.com sind ohne Gew\u00e4hr oder Haftung. Die MFKey GmbH schliesst im gesetzlich zul\u00e4ssigen Rahmen insbesondere jede Gew\u00e4hr und Haftung f\u00fcr die Richtigkeit, Vollst\u00e4ndigkeit und Aktualit\u00e4t der Informationen auf der Website aus.<\/p>\n<p>Preis- und Sortiments\u00e4nderungen bleiben jederzeit vorbehalten. Bilder s\u00e4mtlicher Produkte und Illustrationen sind nicht farbverbindlich und k\u00f6nnen vom Original abweichen. Technische Bezeichnungen und\/oder der Inhalt der gelieferten Produkte k\u00f6nnen von den Bezeichnungen des Fabrikanten oder denjenigen im Internet aufgef\u00fchrten Angaben abweichen.<\/p>\n<p>Die aktuellen Preise k\u00f6nnen jederzeit \u00fcber das Mail <a href=\"mailto:info@mfkey.com\">info@mfkey.com<\/a> angefragt werden.<\/p>\n<p>Die Preise sind zum Zeitpunkt der Bestellung beidseits verbindlich. Bei Irrt\u00fcmern bzw. Fehlern bei der Preisangabe beh\u00e4lt sich die MFKey GmbH aber das Recht vor, Preis\u00e4nderungen nachtr\u00e4glich vorzunehmen. Dann wird der Kunde informiert und ist nicht zur Abnahme der von der Preis\u00e4nderung betroffenen Produkte verpflichtet. Alle Preise sind in Schweizer Franken, Euro oder US Dollar und gelten, wenn nicht anders vermerkt, exklusive Mehrwertsteuer und zuz\u00fcglich Versandkosten sowie allf\u00e4llige Verpackungskosten.<\/p>\n<p><strong>2.1. Inhalt der Onlineangebote<\/strong><br \/>\nMFKey \u00fcbernimmt keinerlei Gew\u00e4hr f\u00fcr die Aktualit\u00e4t, Korrektheit, Vollst\u00e4ndigkeit oder Qualit\u00e4t der bereitgestellten Informationen. Haftungsanspr\u00fcche gegen MFKey die sich auf Sch\u00e4den materieller oder ideeller Art beziehen, welche durch die Nutzung oder Nichtnutzung der dargebotenen Informationen bzw. durch die Nutzung fehlerhafter und unvollst\u00e4ndiger Informationen verursacht wurden sind grunds\u00e4tzlich ausgeschlossen, sofern seitens von uns kein nachweislich vors\u00e4tzliches oder grob fahrl\u00e4ssiges Verschulden vorliegt. Alle Angebote sind freibleibend und unverbindlich. Wir behalten uns vor, Teile der Seiten oder das gesamte Angebot ohne gesonderte Ank\u00fcndigung zu ver\u00e4ndern, zu erg\u00e4nzen, zu l\u00f6schen oder die Ver\u00f6ffentlichung zeitweise oder endg\u00fcltig einzustellen.<\/p>\n<p><strong>3. Bestellung\/Lieferung<\/strong><br \/>\nEine Bestellung im Shop wird f\u00fcr den Besteller verbindlich, indem er am Ende des Bestellvorgangs seine Bestellung auf der Seite, auf welcher die Gesamt\u00fcbersicht \u00fcber die Bestellung angezeigt wird, durch Anklicken des Buttons &#8222;Bestellung abschliessen&#8220; best\u00e4tigt. Der Besteller erh\u00e4lt dann durch die MFKey GmbH ein entsprechendes Best\u00e4tigungs-E-mail auf die vom Besteller angegebene E-Mail-Adresse. Bis zum Versand dieses E-Mails an den Besteller beh\u00e4lt sich die MFKey GmbH das Recht vor, die Bestellung zur\u00fcckzuweisen oder die Bestellmenge zu reduzieren, womit zwischen dem Besteller und der MFKey GmbH kein Vertrag zustande kommt, bzw. ein Vertrag \u00fcber die reduzierte Bestellmenge, es sei denn der Besteller Teile der MFKey GmbH umgehend mit, dass er an der reduzierten Bestellmenge kein Interesse habe. Die MFKey GmbH beh\u00e4lt sich insbesondere das Recht vor, eine Bestellung zur\u00fcckzuweisen, wenn mit dem Besteller ein Rechtsstreit besteht, insbesondere in Zusammenhang mit nicht geleisteten Zahlungen aus bereits erfolgten Bestellungen.<br \/>\nDie vollst\u00e4ndige und richtige Angabe der Lieferadresse liegt im Verantwortlichkeitsbereich des Bestellers. Bei Angabe falscher Lieferadressen seitens des Bestellers ist eine Lieferung unter Umst\u00e4nden nicht m\u00f6glich, so kann MFKey GmbH von der Lieferung des Produktes ganz absehen, ohne dass irgendwelche Ersatz- oder Schadenersatzanspr\u00fcche geltend gemacht werden k\u00f6nnen.<\/p>\n<p><strong>4. Widerrufsrecht<\/strong><br \/>\nMFKey GmbH gew\u00e4hrt das gesetzliche Widerrufsrecht f\u00fcr Verbraucher, also nat\u00fcrlichen Personen, die ein Rechtsgesch\u00e4ft zu einem Zweck abschlie\u00dfen, der weder ihrer gewerblichen noch ihrer selbst\u00e4ndigen beruflichen T\u00e4tigkeit zugerechnet werden kann. Der Kunde hat als Verbraucher die unmittelbaren Kosten der R\u00fccksendung der Waren zu tragen. An uns unfrei zur\u00fcckgesandte Pakete werden nicht angenommen. Bei Lieferungen an Verbraucher mit Sitz und Lieferort au\u00dferhalb des Gebiets der europ\u00e4ischen Union gilt das Widerrufsrecht nur dann, wenn das Recht des Staates, in dem der Verbraucher seinen Sitz hat, ein solches Widerrufsrecht f\u00fcr Verbraucherbestellungen zwingend vorsieht. Wenn Sie von Ihrem Widerrufsrecht Gebrauch machen wollen, setzen Sie sich am besten mit uns vorher kurz in Verbindung, gerne auch per Email an info@mfkey.ch. Wir kl\u00e4ren gerne mit Ihnen die Gestaltung der R\u00fccksendung. Senden Sie die Ware am besten in der von uns verwendeten Versandverpackung und Originalverpackung. Dies ist nicht Voraussetzung f\u00fcr die Geltendmachung Ihres Rechts, hilft aber weitere Probleme zu vermeiden.<br \/>\nBeachten Sie bitte, dass ein Widerrufsrecht unter anderem nicht gilt bei Lieferung von Waren, die nach Kundenspezifikation angefertigt werden oder eindeutig auf die pers\u00f6nlichen Bed\u00fcrfnisse des Bestellers zugeschnitten sind. Sie haben das Recht, binnen vierzehn Tagen ohne Angabe von Gr\u00fcnden diesen Vertrag zu widerrufen.<\/p>\n<p><strong>5. Lieferung und Lieferfrist<\/strong><br \/>\nAlle Produkte f\u00fchrt MFKey GmbH in kleineren Mengen am Lager. Die aktuelle Verf\u00fcgbarkeit ist jedoch anzufragen. Bestellungen werden raschm\u00f6glichst bearbeitet. Die Lieferung beim Kunden erfolgt normalerweise umgehend nach dem Bestellungseingang resp. erfolgtem Zahlungseingang (Vorauszahlung). MFKey GmbH ist nicht verantwortlich, haftbar f\u00fcr die direkte Leistung des Liefer-Vertragspartners d.h. bei Ausnahmen, das \u00dcberschreiten der \u00fcblichen Lieferzeit liegt ausserhalb des Kontrollbereichs der MFKey GmbH.<\/p>\n<p><strong>6. Gutscheine<\/strong><br \/>\nAm Ende des Bestellprozesses wird der Gutscheincode in das daf\u00fcr vorgesehene Feld eingetragen. Der entsprechende Betrag wird direkt von der aktuellen Bestellung abgezogen. Gutscheine, die den Bestellbetrag \u00fcbersteigen k\u00f6nnen nicht r\u00fcckverg\u00fctet werden.<\/p>\n<p><strong>7. Versand- Bearbeitungskosten<\/strong><br \/>\nDie Versand und Verpackungskosten sowie allfallende Zollkosten werden in jedem Falle separat auf der Auftragsbest\u00e4tigung ausgewiesen.<br \/>\n8. Gew\u00e4hrleistungs- und Haftungsausschluss<br \/>\nDie MFKey GmbH leistet Gew\u00e4hr daf\u00fcr, dass die Produkte im Zeitpunkt des Versandes unbesch\u00e4digt sind. Produkte, die bei Versand besch\u00e4digt waren, werden nach Wahl von MFKey ersetzt, sofern der Besteller den Mangel innert 8 Tagen ab Erhalt der Ware der MFKey per E-Mail mitteilt (Fotos der Besch\u00e4digungen mitsenden). Falls die MFKey GmbH dies w\u00fcnscht, muss der Besteller \u00fcberdies die gelieferten Produkte in der Originalverpackung umgehend retournieren. Nachweislich fehlerhafte Produkte werden ersetzt.<\/p>\n<p><strong>9. R\u00fccksendungen<\/strong><br \/>\nEine Pflicht zur R\u00fccknahme besteht nicht. Eine allf\u00e4llige Einverst\u00e4ndniserkl\u00e4rung von MFKey f\u00fcr eine R\u00fccksendung wird dem Besteller innert 48 Stunden per E-Mail mitgeteilt. Zur\u00fcckgesandte Produkte bzw. Pakete werden nur in ihrer Originalverpackung akzeptiert. Die Kosten der R\u00fccksendung muss der Besteller \u00fcbernehmen.<\/p>\n<p><strong>10. Zahlungsmittel und \u00dcberweisung<\/strong><br \/>\nBestellungen \u00fcber die Website www.mfkey.com bzw. www.beach-pharmacy.com sind grunds\u00e4tzlich im Voraus mittels der auf der Website www.mfkey.com bzw. www.beach-pharmacy.com angegebenen Zahlungsmittel zu begleichen.<br \/>\nAndere Zahlungsarten nach Absprache.<\/p>\n<p><strong>11. Eigentumsvorbehalt<\/strong><br \/>\nMFKey GmbH bleibt Eigent\u00fcmerin ihrer gesamten Lieferung, bis gem\u00e4ss Vertrag s\u00e4mtliche Zahlungen eingegangen sind.<\/p>\n<p><strong>12. Vorstudien und Projekte<\/strong><br \/>\nVorstudien und Projekte inklusive Anfertigung von Mustern die auf Wunsch eines Interessenten ausgearbeitet werden, bleiben Eigentum der MFKey GmbH und d\u00fcrfen nur unter schriftlicher Zustimmung an Dritte abgegeben oder zug\u00e4nglich gemacht werden.<\/p>\n<p><strong>13. Schutzrechte Dritter<\/strong><br \/>\nSofern MFKey GmbH Verkaufs-Verpackungen nach Entw\u00fcrfen, Zeichnungen, Modellen oder Mustern, welche ihr vom Besteller \u00fcbergeben worden sind, oder nach Angaben irgendwelcher Art zu liefern haben, \u00fcbernimmt der Besteller die Gew\u00e4hr, dass durch die Herstellung und Lieferung der Verpackungen keine gewerblichen Schutzrechter Dritter oder Patentrechte verletzt werden. Der Kunde \u00fcbernimmt den Schaden der aus einer Verletzung von Rechten Dritter entstehen kann.<\/p>\n<p><strong>14. Datenschutz\/Urheberrecht<\/strong><br \/>\nDie f\u00fcr die Gesch\u00e4ftsabwicklung notwendigen Daten werden zu den dazu notwendigen Zwecken gespeichert und bearbeitet und im Rahmen der Bestellabwicklung gegebenenfalls an verbundene Unternehmen oder Auftragsnehmer (wie bspw. die Post oder Unternehmen zu \u00dcberpr\u00fcfung der Zahlungsbonit\u00e4t.) weitergeleitet. Alle pers\u00f6nlichen Daten werden vertraulich behandelt. Unter \u201eKundenkonto verwalten\u201c hat der Kunde jederzeit die M\u00f6glichkeit, seine pers\u00f6nlichen Daten zu \u00e4ndern. Das Copyright f\u00fcr ver\u00f6ffentlichte, von MFKey selbst erstellte Objekte, Texte sowie s\u00e4mtlichen Fotos bleibt allein beim uns. Eine Vervielf\u00e4ltigung oder Verwendung solcher Grafiken, Tondokumente, Videosequenzen und Texte in anderen elektronischen oder gedruckten Publikationen ist ohne ausdr\u00fcckliche Zustimmung von MFKey nicht gestattet.<\/p>\n<p><strong>15. Haftung<\/strong><br \/>\nDie Haftung f\u00fcr Produktem\u00e4ngel oder durch solche M\u00e4ngel verursachte Sch\u00e4den richtet sich ausschliesslich nach Ziffer 8. F\u00fcr Sch\u00e4den aus versp\u00e4teter Lieferung ist ausschliesslich Ziffer 5 massgeblich. Bei Missbrauch, Falschanwendung der Produkte oder bei Besch\u00e4digung der Versiegelung (ge\u00f6ffnet) wird die Haftung ausgeschlossen.<br \/>\nEbenso gilt ein Haftungsausschluss bei falscher Manipulation an der Boxe, falscher Lagerung oder bei Unvertr\u00e4glichkeit, Hautirritation oder Ausschlag.<br \/>\n16. Anwendbares Recht\/Gerichtsstand<br \/>\nDer Vertrag untersteht ausschliesslich dem Schweizer Recht. Das Wiener Kaufrecht (CISG) ist ausgeschlossen. Gerichtsstand f\u00fcr alle Streitigkeiten mit der MFKey GmbH ist &#8211; unter Vorbehalt abweichender zwingender Gerichtsst\u00e4nde des Bundesrechts \u2013 Z\u00fcrich, Schweiz.<\/p>\n<p><strong>17. \u00c4nderungen AGBs<\/strong><br \/>\nDer MFKey GmbH bleibt es ausdr\u00fccklich vorbehalten, die vorliegenden Allgemeinen Gesch\u00e4ftsbedingungen (AGB) jederzeit an die Gegebenheiten anzupassen und auf danach erfolgende Bestellung sofort anzuwenden.<\/p>\n<p>Fassung vom 01.06.2017 MFKey GmbH[\/vc_column_text][\/vc_column][\/vc_row]<\/p>\n<\/div>","protected":false},"excerpt":{"rendered":"<p>[vc_row][vc_column][vc_icon icon_fontawesome=&#8220;fas fa-balance-scale&#8220; color=&#8220;custom&#8220; size=&#8220;lg&#8220; align=&#8220;center&#8220; css=&#8220;&#8220; custom_color=&#8220;#a555ec&#8220;][vc_column_text]MFKey GmbH: ALLGEMEINE GESCH\u00c4FTSBEDINGUNGEN (AGB) 1. Geltung AGB Die MFKey GmbH erbringt alle Lieferungen ausschliesslich auf der Basis dieser allgemeinen Gesch\u00e4ftsbedingungen. Durch die Auftragserteilung erkl\u00e4rt sich der Besteller ausdr\u00fccklich mit diesen AGB einverstanden. Wir verweisen hiermit ausdr\u00fccklich darauf, dass keine AGB von Kunden akzeptiert werden. Im Fall von Abweichungen zwischen der deutschen und englischen Fassung hat die deutsche Fassung immer Vorrang. Diese bilden integrativen Bestandteil des Vertrages zwischen dem Besteller und der MFKey GmbH. Sie gelten f\u00fcr die Zustellung von Waren, die der Kunde per Online Shopping im Internet oder direkt bei der<span class=\"excerpt-hellip\"> [\u2026]<\/span><\/p>\n","protected":false},"author":1,"featured_media":0,"parent":0,"menu_order":0,"comment_status":"closed","ping_status":"closed","template":"","meta":{"footnotes":""},"yst_prominent_words":[162,157,161,156,69,163,158],"_links":{"self":[{"href":"https:\/\/www.beach-pharmacy.com\/de\/wp-json\/wp\/v2\/pages\/3345"}],"collection":[{"href":"https:\/\/www.beach-pharmacy.com\/de\/wp-json\/wp\/v2\/pages"}],"about":[{"href":"https:\/\/www.beach-pharmacy.com\/de\/wp-json\/wp\/v2\/types\/page"}],"author":[{"embeddable":true,"href":"https:\/\/www.beach-pharmacy.com\/de\/wp-json\/wp\/v2\/users\/1"}],"replies":[{"embeddable":true,"href":"https:\/\/www.beach-pharmacy.com\/de\/wp-json\/wp\/v2\/comments?post=3345"}],"version-history":[{"count":6,"href":"https:\/\/www.beach-pharmacy.com\/de\/wp-json\/wp\/v2\/pages\/3345\/revisions"}],"predecessor-version":[{"id":6288,"href":"https:\/\/www.beach-pharmacy.com\/de\/wp-json\/wp\/v2\/pages\/3345\/revisions\/6288"}],"wp:attachment":[{"href":"https:\/\/www.beach-pharmacy.com\/de\/wp-json\/wp\/v2\/media?parent=3345"}],"wp:term":[{"taxonomy":"yst_prominent_words","embeddable":true,"href":"https:\/\/www.beach-pharmacy.com\/de\/wp-json\/wp\/v2\/yst_prominent_words?post=3345"}],"curies":[{"name":"wp","href":"https:\/\/api.w.org\/{rel}","templated":true}]}}